{"id":3,"date":"2021-06-21T10:19:14","date_gmt":"2021-06-21T10:19:14","guid":{"rendered":"http:\/\/wmf.wp-247.de\/?page_id=3"},"modified":"2024-01-22T09:46:45","modified_gmt":"2024-01-22T08:46:45","slug":"datenschutzerklaerung","status":"publish","type":"page","link":"https:\/\/aboutwmf.com\/de\/datenschutzerklaerung\/","title":{"rendered":"Datenschutzerkl\u00e4rung"},"content":{"rendered":"\t\t<div data-elementor-type=\"wp-page\" data-elementor-id=\"3\" class=\"elementor elementor-3\" data-elementor-settings=\"{&quot;element_pack_global_tooltip_width&quot;:{&quot;unit&quot;:&quot;px&quot;,&quot;size&quot;:&quot;&quot;,&quot;sizes&quot;:[]},&quot;element_pack_global_tooltip_width_tablet&quot;:{&quot;unit&quot;:&quot;px&quot;,&quot;size&quot;:&quot;&quot;,&quot;sizes&quot;:[]},&quot;element_pack_global_tooltip_width_mobile&quot;:{&quot;unit&quot;:&quot;px&quot;,&quot;size&quot;:&quot;&quot;,&quot;sizes&quot;:[]},&quot;element_pack_global_tooltip_padding&quot;:{&quot;unit&quot;:&quot;px&quot;,&quot;top&quot;:&quot;&quot;,&quot;right&quot;:&quot;&quot;,&quot;bottom&quot;:&quot;&quot;,&quot;left&quot;:&quot;&quot;,&quot;isLinked&quot;:true},&quot;element_pack_global_tooltip_padding_tablet&quot;:{&quot;unit&quot;:&quot;px&quot;,&quot;top&quot;:&quot;&quot;,&quot;right&quot;:&quot;&quot;,&quot;bottom&quot;:&quot;&quot;,&quot;left&quot;:&quot;&quot;,&quot;isLinked&quot;:true},&quot;element_pack_global_tooltip_padding_mobile&quot;:{&quot;unit&quot;:&quot;px&quot;,&quot;top&quot;:&quot;&quot;,&quot;right&quot;:&quot;&quot;,&quot;bottom&quot;:&quot;&quot;,&quot;left&quot;:&quot;&quot;,&quot;isLinked&quot;:true},&quot;element_pack_global_tooltip_border_radius&quot;:{&quot;unit&quot;:&quot;px&quot;,&quot;top&quot;:&quot;&quot;,&quot;right&quot;:&quot;&quot;,&quot;bottom&quot;:&quot;&quot;,&quot;left&quot;:&quot;&quot;,&quot;isLinked&quot;:true},&quot;element_pack_global_tooltip_border_radius_tablet&quot;:{&quot;unit&quot;:&quot;px&quot;,&quot;top&quot;:&quot;&quot;,&quot;right&quot;:&quot;&quot;,&quot;bottom&quot;:&quot;&quot;,&quot;left&quot;:&quot;&quot;,&quot;isLinked&quot;:true},&quot;element_pack_global_tooltip_border_radius_mobile&quot;:{&quot;unit&quot;:&quot;px&quot;,&quot;top&quot;:&quot;&quot;,&quot;right&quot;:&quot;&quot;,&quot;bottom&quot;:&quot;&quot;,&quot;left&quot;:&quot;&quot;,&quot;isLinked&quot;:true}}\" data-elementor-post-type=\"page\">\n\t\t\t\t\t\t<section class=\"elementor-section elementor-top-section elementor-element elementor-element-9b12e7c elementor-section-boxed elementor-section-height-default elementor-section-height-default\" data-id=\"9b12e7c\" data-element_type=\"section\" data-e-type=\"section\">\n\t\t\t\t\t\t<div class=\"elementor-container elementor-column-gap-default\">\n\t\t\t\t\t<div class=\"elementor-column elementor-col-100 elementor-top-column elementor-element elementor-element-79383870\" data-id=\"79383870\" data-element_type=\"column\" data-e-type=\"column\">\n\t\t\t<div class=\"elementor-widget-wrap elementor-element-populated\">\n\t\t\t\t\t\t<div class=\"elementor-element elementor-element-1e2faeea elementor-widget elementor-widget-text-editor\" data-id=\"1e2faeea\" data-element_type=\"widget\" data-e-type=\"widget\" data-widget_type=\"text-editor.default\">\n\t\t\t\t<div class=\"elementor-widget-container\">\n\t\t\t\t\t\t\t\t\t<h2>Datenschutzerkl\u00e4rung Corporate Website<\/h2><h2>1. Verantwortliche Stelle<\/h2><p>Diese Webseite ist ein Angebot der Groupe SEB WMF Shared Services GmbH (WMF Platz 1, D-73312 Geislingen an der Steige) als Verantwortlicher im Sinne von Art. 4 DSGVO.\u202f Im Folgenden informieren wir Sie dar\u00fcber, auf welche Art und Weise wir Ihre personenbezogenen Daten verarbeiten. Sollten Sie hierzu oder dar\u00fcber hinaus Fragen zum Datenschutz haben, k\u00f6nnen Sie sich jederzeit gerne elektronisch \u00fcber das Kontaktformular auf der Webseite bzw. postalisch unter dieser Adresse:<\/p><ul><li>Groupe SEB WMF Shared Services GmbH<\/li><li>Datenschutz<\/li><li>WMF Platz 1<\/li><li>73312 Geislingen\/Steige<\/li><\/ul><p>an unseren Datenschutzbeauftragten wenden.<\/p><h2>2. Aufrufen unserer Webseiten<\/h2><p><strong>a. Log-Files<\/strong><\/p><p>Wenn Sie unsere Website besuchen, k\u00f6nnen Sie dies grunds\u00e4tzlich ohne Offenlegung Ihrer Identit\u00e4t tun. Wie bei jeder Website erhebt und speichert unser Server automatisch und tempor\u00e4r folgende Angaben in den Server-Logfiles, die durch den Browser \u00fcbermittelt werden, sofern dies nicht von Ihnen deaktiviert wurde:<\/p><ul><li>&#8211; Browsertyp\/ -version\u202f<\/li><li>&#8211; verwendetes Betriebssystem des anfragenden Rechners<\/li><li>&#8211; Dateianfrage des Rechners\u202f<\/li><li>&#8211; den http-Antwort-Code\u202f<\/li><li>&#8211; die zuvor besuchte Seite (Referrer-URL)\u202f<\/li><li>&#8211; IP-Adresse des anfragenden Rechner\u202f\u202f<\/li><li>&#8211; Uhrzeit der Serveranfrage\u202f<\/li><\/ul><p>Eine personenbezogene Auswertung der Server-Logfiles findet nicht statt. Diese Daten sind f\u00fcr uns zu keinem Zeitpunkt bestimmten Personen zuordenbar. Eine Zusammenf\u00fchrung dieser Daten mit anderen Datenquellen wird nicht vorgenommen, ausgenommen hiervon ist die Speicherung der IP-Adresse bei einer Bestellung in unserem Onlineshop im Zusammenhang mit Ihrer Bestellung.<\/p><p><strong>b. Cookies, Tracking<\/strong><\/p><p>Diese Website verwendet Cookies. Cookies dienen dazu, unser Angebot nutzerfreundlicher, effektiver und sicherer zu machen. Cookies sind kleine Textdateien, die auf Ihrem Rechner abgelegt werden und die Ihr Browser speichert. Die meisten Browser verwenden Cookies standardm\u00e4\u00dfig. Sie k\u00f6nnen in den Sicherheitseinstellungen tempor\u00e4re und gespeicherte Cookies unabh\u00e4ngig voneinander zulassen oder verbieten. Wenn Sie Cookies deaktivieren, stehen Ihnen unter Umst\u00e4nden bestimmte Features auf unserer Seite nicht zur Verf\u00fcgung. Und einige Webseiten werden m\u00f6glicherweise nicht richtig angezeigt. Wir verwenden sowohl tempor\u00e4re Cookies, die nur f\u00fcr die Dauer Ihres Besuches auf der WMF Website g\u00fcltig sind, als auch Cookies, die f\u00fcr unbestimmte Zeit auf Ihrem Rechner gespeichert und eingesetzt werden. Letztere k\u00f6nnen jederzeit von Ihnen selbst gel\u00f6scht werden. Bitte befolgen Sie dazu die Anweisungen der Hilfefunktion Ihres Browsers bez\u00fcglich der Verhinderung sowie L\u00f6schung von Cookies. Cookies richten auf Ihrem Rechner keinen Schaden an und enthalten keine Viren. Die Cookies enthalten keine personenbezogenen Daten und die darin gespeicherten Informationen werden nicht mit Ihren pers\u00f6nlichen Daten (Name, Adresse usw.) verkn\u00fcpft.<\/p><p><strong>c. Arten von Cookies<\/strong><\/p><ul><li>&#8211; Marketingcookies<\/li><\/ul><p>Cookies dieser Art k\u00f6nnen \u00fcber unsere Website von uns oder unseren Partnern gesetzt werden, um Ihnen relevante Inhalte\/Werbung sowohl auf unseren als auch auf Drittseiten anzuzeigen. Dabei k\u00f6nnen sog. Profile auf Basis Ihrer Interessen gebildet werden. Die Identifizierung der Person ist durch diese Informationen in der Regel nicht m\u00f6glich, da ausschlie\u00dflich pseudonyme Browser- und\/oder Ger\u00e4teinformationen genutzt werden.<\/p><ul><li>&#8211; Tracking-Cookies<\/li><\/ul><p>Wir erfassen mit diesen Cookies anonymisierte Daten f\u00fcr Statistiken und Analysen, um unser Angebot und unsere Webseite weiter zu verbessern. Beispielsweise ermitteln und optimieren wir die Besucherzahlen, den Effekt und Fehler bestimmter Seiten unseres Web-Auftritts.<\/p><ul><li>&#8211; Unbedingt erforderliche Cookies<\/li><\/ul><p>F\u00fcr den Betrieb der Seite unbedingt notwendig sind Cookies dieser Art. Beispielsweise erm\u00f6glichen Sie sicherheitsrelevante Funktionalit\u00e4ten.<\/p><p><strong>d. Consent Management<\/strong><\/p><p>Wir nutzen ein Consent Management Tool des Anbieters \u201cOneTrust\u201d (OneTrust LLC, Hauptsitz Gro\u00dfbritannien: Cannon Green, 27 Bush Lane, London EC4R 0AA, Gro\u00dfbritannien und Hauptsitz USA: 1350 Spring Street NW, Suite 500, Atlanta, Georgia 30309, USA) um die von Ihnen erteilten Einwilligungen zu verwalten und dokumentieren. Wir verwenden OneTrust unter anderem f\u00fcr die Anbietung eines sogenannten Cookie-Banners, durch welches Sie Ihre individuellen Cookie-Einstellungen f\u00fcr unsere Seite vornehmen k\u00f6nnen. Hierzu wird von OneTrust gespeichert, welche Cookies bzw. Kategorien von Cookies zugestimmt oder abgelehnt wurden. Dadurch werden nur die Cookies gesetzt, in welche vom Nutzer explizit eingewilligt wurden. Die Rechtsgrundlage f\u00fcr diese Datenverarbeitung begr\u00fcnden wir in Art. 6 Abs. 1 c), f) DSGVO. Sie haben zudem die M\u00f6glichkeit in Ihren Browsereinstellungen zu definieren, ob Cookies akzeptiert oder abgelehnt werden sollen. Pr\u00fcfen Sie hierzu die M\u00f6glichkeiten Ihres genutzten Internetbrowsers.<\/p><h2>3. Verarbeitung, Zwecke und Rechtsgrundlagen<\/h2><p>Nachfolgend informieren wir sie dar\u00fcber, an welchen Stellen wir Ihre Daten erheben und zu welchem Zweck diese verarbeitet werden:<\/p><p><strong>a. Kontaktformular<\/strong><\/p><p>\u00dcber das Kontaktformular haben Sie die M\u00f6glichkeit mit uns direkt in Kontakt zu treten und uns bei Fragen, Anregungen oder Feedback eine Nachricht zu schreiben. Hierbei verarbeiten wir folgende Daten von Ihnen:<\/p><ul><li>&#8211; Name<\/li><li>&#8211; E-Mail-Adresse<\/li><\/ul><p>Diese Verarbeitung erfolgt zum Zweck der Anbietung einer direkten Kontaktm\u00f6glichkeit an Kunden und Interessenten auf unserer Webseite. Zudem haben Sie die M\u00f6glichkeit zur Konkretisierung Ihrer Anfrage einen Anhang in einem g\u00e4ngigen Dateiformat hochzuladen. Falls dieser personenbezogene Daten beinhalten sollte, werden auch diese von uns verarbeitet. Die Rechtsgrundlage hierf\u00fcr ist die Einwilligung gem\u00e4\u00df Art. 6 (1) lit. a) DSGVO. Sie haben jederzeit die M\u00f6glichkeit Ihre Einwilligung hierzu \u00fcber die angegebenen Kontaktinformationen zu widerrufen.<\/p><p><strong>b. Presseverteiler<\/strong><\/p><p>Sie haben die M\u00f6glichkeit sich in den Presseverteiler aufnehmen zu lassen, um Neuheiten und Informationen zum Unternehmen zu erhalten. Hierbei verarbeiten wir folgende Daten von Ihnen:<\/p><ul><li>&#8211; Vorname<\/li><li>&#8211; Name<\/li><li>&#8211; Redaktion<\/li><li>&#8211; E-Mail-Adresse<\/li><\/ul><p>Diese Daten werden zu Zweck der Anbietung einer direkten Kommunikation zwischen Unternehmen und Presse verarbeitet. Die Rechtsgrundlage hierf\u00fcr ist die Einwilligung gem\u00e4\u00df Art. 6 (1) lit. a) DSGVO. Sie haben jederzeit die M\u00f6glichkeit Ihre Einwilligung hierzu \u00fcber die angegebenen Kontaktinformationen zu widerrufen.<\/p><h2>4. Onlineauftritt und Diensteoptimierung<\/h2><p><strong>a. Nutzung von Google Analytics<\/strong><\/p><p>Diese Website benutzt Google Analytics, einen Webanalysedienst der Google Inc. (\u201eGoogle\u201c). Google Analytics verwendet sog. \u201eCookies\u201c, Textdateien, die auf Ihrem Computer gespeichert werden und die eine Analyse der Benutzung der Website durch Sie erm\u00f6glichen. Die durch den Cookie erzeugten Informationen \u00fcber Ihre Benutzung dieser Website werden in der Regel an einen Server von Google in den USA \u00fcbertragen und dort gespeichert. Im Falle der Aktivierung der IP-Anonymisierung auf dieser Website, wird Ihre IP-Adresse von Google jedoch innerhalb von Mitgliedstaaten der Europ\u00e4ischen Union oder in anderen Vertragsstaaten des Abkommens \u00fcber den Europ\u00e4ischen Wirtschaftsraum zuvor gek\u00fcrzt. Nur in Ausnahmef\u00e4llen wird die volle IP-Adresse an einen Server von Google in den USA \u00fcbertragen und dort gek\u00fcrzt. Im Auftrag des Betreibers dieser Website wird Google diese Informationen benutzen, um Ihre Nutzung der Website auszuwerten, um Reports \u00fcber die Website-Aktivit\u00e4ten zusammenzustellen und um weitere mit der Website-Nutzung und der Internetnutzung verbundene Dienstleistungen gegen\u00fcber dem Website-Betreiber zu erbringen.<\/p><p>Die im Rahmen von Google Analytics von Ihrem Browser \u00fcbermittelte IP-Adresse wird gem\u00e4\u00df der Aussagen von Google nicht mit anderen Daten von Google zusammengef\u00fchrt.<\/p><p>Sie k\u00f6nnen dar\u00fcber hinaus die Erfassung der durch das Cookie erzeugten und auf Ihre Nutzung der Website bezogenen Daten (inkl. Ihrer IP-Adresse) an Google sowie die Verarbeitung dieser Daten durch Google verhindern, indem sie das unter dem folgenden Link verf\u00fcgbare Browser-Plug-in herunterladen und installieren: <a href=\"http:\/\/tools.google.com\/dlpage\/gaoptout?hl=de\">http:\/\/tools.google.com\/dlpage\/gaoptout?hl=de<\/a>.<\/p><p>Diese Website verwendet Google Analytics mit der Erweiterung \u201e_anonymizeIp()\u201c. Dadurch werden IP-Adressen gek\u00fcrzt weiterverarbeitet, eine Personenbeziehbarkeit kann damit ausgeschlossen werden. Soweit den \u00fcber Sie erhobenen Daten ein Personenbezug zukommt, wird dieser also sofort ausgeschlossen und die personenbezogenen Daten damit umgehend gel\u00f6scht.<\/p><p>Wir nutzen Google Analytics, um die Nutzung unserer Website analysieren und regelm\u00e4\u00dfig verbessern zu k\u00f6nnen. \u00dcber die gewonnenen Statistiken k\u00f6nnen wir unser Angebot verbessern und f\u00fcr Sie als Nutzer interessanter ausgestalten. Rechtsgrundlage f\u00fcr die Nutzung von Google Analytics ist Art. 6 Abs. 1 S. 1 lit. f DS-GVO.<\/p><p>Informationen des Drittanbieters: Google Dublin, Google Ireland Ltd., Gordon House, Barrow Street, Dublin 4, Ireland, Fax: +353 (1) 436 1001. Nutzerbedingungen: <a href=\"http:\/\/www.google.com\/analytics\/terms\/de.html\">http:\/\/www.google.com\/analytics\/terms\/de.html<\/a>, \u00dcbersicht zum Datenschutz: <a href=\"http:\/\/www.google.com\/intl\/de\/analytics\/learn\/privacy.html\">http:\/\/www.google.com\/intl\/de\/analytics\/learn\/privacy.html<\/a>, sowie die Datenschutzerkl\u00e4rung: <a href=\"http:\/\/www.google.de\/intl\/de\/policies\/privacy\">http:\/\/www.google.de\/intl\/de\/policies\/privacy<\/a>.<\/p><h2>5. Dauer der Speicherung<\/h2><p>Wir speichern Ihre personenbezogenen Daten nur so lange hierf\u00fcr eine Rechtsgrundlage vorliegt. Im Falle einer Einwilligung gem\u00e4\u00df Art. 6 (1) lit. a) DSGVO speichern wir die Daten auch nur so lange uns diese vorliegt. Sie k\u00f6nnen die Einwilligung jederzeit \u00fcber die angegebenen Kontaktinformationen wiederrufen. Ihre Daten werden dann unverz\u00fcglich gel\u00f6scht.<\/p><h2>6. Ihre Rechte<\/h2><p>Im Einzelnen stehen Ihnen folgende Rechte zu:<\/p><ul><li>&#8211; Recht auf Auskunft nach Art.15 DSGVO<\/li><li>&#8211; Recht auf Berichtigung oder L\u00f6schung nach Art. 16 und Art.17 DSGVO<\/li><li>&#8211; Recht auf Einschr\u00e4nkung der Verarbeitung nach Art.18 DSGVO<\/li><li>&#8211; Recht auf Widerspruch nach Art.21 DSGVO<\/li><li>&#8211; Recht auf Daten\u00fcbertragbarkeit nach Art.20 DSGVO<\/li><li>&#8211; Beschwerde gegen\u00fcber einer Datenschutz-Aufsichtsbeh\u00f6rde nach Art.77 DSGVO<\/li><\/ul><p>S\u00e4mtliche Rechte k\u00f6nnen Sie unter den angegebenen Kontaktinformationen oder \u00fcber das Kontaktformular am Ende der Seite geltend machen.<\/p><h2>7. Kontaktaufnahme<\/h2><p>Ihr Vertrauen ist uns wichtig. Daher m\u00f6chten wir Ihnen jederzeit Rede und Antwort bez\u00fcglich der Verarbeitung Ihrer personenbezogenen Daten stehen. Wenn Sie Fragen haben, die Ihnen diese Datenschutzerkl\u00e4rung nicht beantworten konnte oder wenn Sie zu einem Punkt vertiefte Informationen w\u00fcnschen, k\u00f6nnen Sie sich jederzeit durch das Kontaktformular oder postalisch \u00fcber die oben angegebene Adresse an uns wenden.\u202fWir werden uns dann baldm\u00f6glichst bei Ihnen melden.<\/p>\t\t\t\t\t\t\t\t<\/div>\n\t\t\t\t<\/div>\n\t\t\t\t\t<\/div>\n\t\t<\/div>\n\t\t\t\t\t<\/div>\n\t\t<\/section>\n\t\t\t\t<\/div>\n\t\t","protected":false},"excerpt":{"rendered":"<p>Datenschutzerkl\u00e4rung Corporate Website 1. Verantwortliche Stelle Diese Webseite ist ein Angebot der Groupe SEB WMF Shared Services GmbH (WMF Platz 1, D-73312 Geislingen an der Steige) als Verantwortlicher im Sinne von Art. 4 DSGVO.\u202f Im Folgenden informieren wir Sie dar\u00fcber, auf welche Art und Weise wir Ihre personenbezogenen Daten verarbeiten. Sollten Sie hierzu oder dar\u00fcber [&hellip;]<\/p>\n","protected":false},"author":47,"featured_media":0,"parent":0,"menu_order":0,"comment_status":"closed","ping_status":"open","template":"","meta":{"site-sidebar-layout":"default","site-content-layout":"","ast-site-content-layout":"default","site-content-style":"default","site-sidebar-style":"default","ast-global-header-display":"","ast-banner-title-visibility":"","ast-main-header-display":"","ast-hfb-above-header-display":"","ast-hfb-below-header-display":"","ast-hfb-mobile-header-display":"","site-post-title":"","ast-breadcrumbs-content":"","ast-featured-img":"","footer-sml-layout":"","ast-disable-related-posts":"","theme-transparent-header-meta":"","adv-header-id-meta":"","stick-header-meta":"","header-above-stick-meta":"","header-main-stick-meta":"","header-below-stick-meta":"","astra-migrate-meta-layouts":"default","ast-page-background-enabled":"default","ast-page-background-meta":{"desktop":{"background-color":"var(--ast-global-color-4)","background-image":"","background-repeat":"repeat","background-position":"center center","background-size":"auto","background-attachment":"scroll","background-type":"","background-media":"","overlay-type":"","overlay-color":"","overlay-opacity":"","overlay-gradient":""},"tablet":{"background-color":"","background-image":"","background-repeat":"repeat","background-position":"center center","background-size":"auto","background-attachment":"scroll","background-type":"","background-media":"","overlay-type":"","overlay-color":"","overlay-opacity":"","overlay-gradient":""},"mobile":{"background-color":"","background-image":"","background-repeat":"repeat","background-position":"center center","background-size":"auto","background-attachment":"scroll","background-type":"","background-media":"","overlay-type":"","overlay-color":"","overlay-opacity":"","overlay-gradient":""}},"ast-content-background-meta":{"desktop":{"background-color":"var(--ast-global-color-5)","background-image":"","background-repeat":"repeat","background-position":"center center","background-size":"auto","background-attachment":"scroll","background-type":"","background-media":"","overlay-type":"","overlay-color":"","overlay-opacity":"","overlay-gradient":""},"tablet":{"background-color":"var(--ast-global-color-5)","background-image":"","background-repeat":"repeat","background-position":"center center","background-size":"auto","background-attachment":"scroll","background-type":"","background-media":"","overlay-type":"","overlay-color":"","overlay-opacity":"","overlay-gradient":""},"mobile":{"background-color":"var(--ast-global-color-5)","background-image":"","background-repeat":"repeat","background-position":"center center","background-size":"auto","background-attachment":"scroll","background-type":"","background-media":"","overlay-type":"","overlay-color":"","overlay-opacity":"","overlay-gradient":""}},"_themeisle_gutenberg_block_has_review":false,"footnotes":""},"categories":[],"wmf_post_category":[91,52,15,74,27],"class_list":["post-3","page","type-page","status-publish","hentry","wmf_post_category-schaerer-products-services-en","wmf_post_category-produkte-services-schaerer","wmf_post_category-schaerer","wmf_post_category-schaerer-en","wmf_post_category-wmf-consumer"],"yoast_head":"<!-- This site is optimized with the Yoast SEO plugin v27.3 - https:\/\/yoast.com\/product\/yoast-seo-wordpress\/ -->\n<title>Datenschutzerkl\u00e4rung |<\/title>\n<meta name=\"robots\" content=\"index, follow, max-snippet:-1, max-image-preview:large, max-video-preview:-1\" \/>\n<link rel=\"canonical\" href=\"https:\/\/aboutwmf.com\/de\/datenschutzerklaerung\/\" \/>\n<meta property=\"og:locale\" content=\"de_DE\" \/>\n<meta property=\"og:type\" content=\"article\" \/>\n<meta property=\"og:title\" content=\"Datenschutzerkl\u00e4rung |\" \/>\n<meta property=\"og:description\" content=\"Datenschutzerkl\u00e4rung Corporate Website 1. Verantwortliche Stelle Diese Webseite ist ein Angebot der Groupe SEB WMF Shared Services GmbH (WMF Platz 1, D-73312 Geislingen an der Steige) als Verantwortlicher im Sinne von Art. 4 DSGVO.\u202f Im Folgenden informieren wir Sie dar\u00fcber, auf welche Art und Weise wir Ihre personenbezogenen Daten verarbeiten. Sollten Sie hierzu oder dar\u00fcber [&hellip;]\" \/>\n<meta property=\"og:url\" content=\"https:\/\/aboutwmf.com\/de\/datenschutzerklaerung\/\" \/>\n<meta property=\"article:modified_time\" content=\"2024-01-22T08:46:45+00:00\" \/>\n<meta name=\"twitter:card\" content=\"summary_large_image\" \/>\n<script type=\"application\/ld+json\" class=\"yoast-schema-graph\">{\"@context\":\"https:\\\/\\\/schema.org\",\"@graph\":[{\"@type\":\"WebPage\",\"@id\":\"https:\\\/\\\/aboutwmf.com\\\/de\\\/datenschutzerklaerung\\\/\",\"url\":\"https:\\\/\\\/aboutwmf.com\\\/de\\\/datenschutzerklaerung\\\/\",\"name\":\"Datenschutzerkl\u00e4rung |\",\"isPartOf\":{\"@id\":\"https:\\\/\\\/aboutwmf.com\\\/de\\\/#website\"},\"datePublished\":\"2021-06-21T10:19:14+00:00\",\"dateModified\":\"2024-01-22T08:46:45+00:00\",\"breadcrumb\":{\"@id\":\"https:\\\/\\\/aboutwmf.com\\\/de\\\/datenschutzerklaerung\\\/#breadcrumb\"},\"inLanguage\":\"de\",\"potentialAction\":[{\"@type\":\"ReadAction\",\"target\":[\"https:\\\/\\\/aboutwmf.com\\\/de\\\/datenschutzerklaerung\\\/\"]}]},{\"@type\":\"BreadcrumbList\",\"@id\":\"https:\\\/\\\/aboutwmf.com\\\/de\\\/datenschutzerklaerung\\\/#breadcrumb\",\"itemListElement\":[{\"@type\":\"ListItem\",\"position\":1,\"name\":\"Startseite\",\"item\":\"https:\\\/\\\/aboutwmf.com\\\/de\\\/\"},{\"@type\":\"ListItem\",\"position\":2,\"name\":\"Datenschutzerkl\u00e4rung\"}]},{\"@type\":\"WebSite\",\"@id\":\"https:\\\/\\\/aboutwmf.com\\\/de\\\/#website\",\"url\":\"https:\\\/\\\/aboutwmf.com\\\/de\\\/\",\"name\":\"WMF\",\"description\":\"\",\"publisher\":{\"@id\":\"https:\\\/\\\/aboutwmf.com\\\/de\\\/#organization\"},\"potentialAction\":[{\"@type\":\"SearchAction\",\"target\":{\"@type\":\"EntryPoint\",\"urlTemplate\":\"https:\\\/\\\/aboutwmf.com\\\/de\\\/?s={search_term_string}\"},\"query-input\":{\"@type\":\"PropertyValueSpecification\",\"valueRequired\":true,\"valueName\":\"search_term_string\"}}],\"inLanguage\":\"de\"},{\"@type\":\"Organization\",\"@id\":\"https:\\\/\\\/aboutwmf.com\\\/de\\\/#organization\",\"name\":\"WMF GmbH\",\"url\":\"https:\\\/\\\/aboutwmf.com\\\/de\\\/\",\"logo\":{\"@type\":\"ImageObject\",\"inLanguage\":\"de\",\"@id\":\"https:\\\/\\\/aboutwmf.com\\\/de\\\/#\\\/schema\\\/logo\\\/image\\\/\",\"url\":\"https:\\\/\\\/aboutwmf.com\\\/wp-content\\\/uploads\\\/2021\\\/07\\\/Logo_Black.svg\",\"contentUrl\":\"https:\\\/\\\/aboutwmf.com\\\/wp-content\\\/uploads\\\/2021\\\/07\\\/Logo_Black.svg\",\"width\":165,\"height\":51,\"caption\":\"WMF GmbH\"},\"image\":{\"@id\":\"https:\\\/\\\/aboutwmf.com\\\/de\\\/#\\\/schema\\\/logo\\\/image\\\/\"}}]}<\/script>\n<!-- \/ Yoast SEO plugin. -->","yoast_head_json":{"title":"Datenschutzerkl\u00e4rung |","robots":{"index":"index","follow":"follow","max-snippet":"max-snippet:-1","max-image-preview":"max-image-preview:large","max-video-preview":"max-video-preview:-1"},"canonical":"https:\/\/aboutwmf.com\/de\/datenschutzerklaerung\/","og_locale":"de_DE","og_type":"article","og_title":"Datenschutzerkl\u00e4rung |","og_description":"Datenschutzerkl\u00e4rung Corporate Website 1. Verantwortliche Stelle Diese Webseite ist ein Angebot der Groupe SEB WMF Shared Services GmbH (WMF Platz 1, D-73312 Geislingen an der Steige) als Verantwortlicher im Sinne von Art. 4 DSGVO.\u202f Im Folgenden informieren wir Sie dar\u00fcber, auf welche Art und Weise wir Ihre personenbezogenen Daten verarbeiten. Sollten Sie hierzu oder dar\u00fcber [&hellip;]","og_url":"https:\/\/aboutwmf.com\/de\/datenschutzerklaerung\/","article_modified_time":"2024-01-22T08:46:45+00:00","twitter_card":"summary_large_image","schema":{"@context":"https:\/\/schema.org","@graph":[{"@type":"WebPage","@id":"https:\/\/aboutwmf.com\/de\/datenschutzerklaerung\/","url":"https:\/\/aboutwmf.com\/de\/datenschutzerklaerung\/","name":"Datenschutzerkl\u00e4rung |","isPartOf":{"@id":"https:\/\/aboutwmf.com\/de\/#website"},"datePublished":"2021-06-21T10:19:14+00:00","dateModified":"2024-01-22T08:46:45+00:00","breadcrumb":{"@id":"https:\/\/aboutwmf.com\/de\/datenschutzerklaerung\/#breadcrumb"},"inLanguage":"de","potentialAction":[{"@type":"ReadAction","target":["https:\/\/aboutwmf.com\/de\/datenschutzerklaerung\/"]}]},{"@type":"BreadcrumbList","@id":"https:\/\/aboutwmf.com\/de\/datenschutzerklaerung\/#breadcrumb","itemListElement":[{"@type":"ListItem","position":1,"name":"Startseite","item":"https:\/\/aboutwmf.com\/de\/"},{"@type":"ListItem","position":2,"name":"Datenschutzerkl\u00e4rung"}]},{"@type":"WebSite","@id":"https:\/\/aboutwmf.com\/de\/#website","url":"https:\/\/aboutwmf.com\/de\/","name":"WMF","description":"","publisher":{"@id":"https:\/\/aboutwmf.com\/de\/#organization"},"potentialAction":[{"@type":"SearchAction","target":{"@type":"EntryPoint","urlTemplate":"https:\/\/aboutwmf.com\/de\/?s={search_term_string}"},"query-input":{"@type":"PropertyValueSpecification","valueRequired":true,"valueName":"search_term_string"}}],"inLanguage":"de"},{"@type":"Organization","@id":"https:\/\/aboutwmf.com\/de\/#organization","name":"WMF GmbH","url":"https:\/\/aboutwmf.com\/de\/","logo":{"@type":"ImageObject","inLanguage":"de","@id":"https:\/\/aboutwmf.com\/de\/#\/schema\/logo\/image\/","url":"https:\/\/aboutwmf.com\/wp-content\/uploads\/2021\/07\/Logo_Black.svg","contentUrl":"https:\/\/aboutwmf.com\/wp-content\/uploads\/2021\/07\/Logo_Black.svg","width":165,"height":51,"caption":"WMF GmbH"},"image":{"@id":"https:\/\/aboutwmf.com\/de\/#\/schema\/logo\/image\/"}}]}},"_links":{"self":[{"href":"https:\/\/aboutwmf.com\/de\/wp-json\/wp\/v2\/pages\/3","targetHints":{"allow":["GET"]}}],"collection":[{"href":"https:\/\/aboutwmf.com\/de\/wp-json\/wp\/v2\/pages"}],"about":[{"href":"https:\/\/aboutwmf.com\/de\/wp-json\/wp\/v2\/types\/page"}],"author":[{"embeddable":true,"href":"https:\/\/aboutwmf.com\/de\/wp-json\/wp\/v2\/users\/47"}],"replies":[{"embeddable":true,"href":"https:\/\/aboutwmf.com\/de\/wp-json\/wp\/v2\/comments?post=3"}],"version-history":[{"count":7,"href":"https:\/\/aboutwmf.com\/de\/wp-json\/wp\/v2\/pages\/3\/revisions"}],"predecessor-version":[{"id":9004111222818476,"href":"https:\/\/aboutwmf.com\/de\/wp-json\/wp\/v2\/pages\/3\/revisions\/9004111222818476"}],"wp:attachment":[{"href":"https:\/\/aboutwmf.com\/de\/wp-json\/wp\/v2\/media?parent=3"}],"wp:term":[{"taxonomy":"category","embeddable":true,"href":"https:\/\/aboutwmf.com\/de\/wp-json\/wp\/v2\/categories?post=3"},{"taxonomy":"wmf_post_category","embeddable":true,"href":"https:\/\/aboutwmf.com\/de\/wp-json\/wp\/v2\/wmf_post_category?post=3"}],"curies":[{"name":"wp","href":"https:\/\/api.w.org\/{rel}","templated":true}]}}