{"id":528,"date":"2021-07-16T09:52:20","date_gmt":"2021-07-16T09:52:20","guid":{"rendered":"https:\/\/wmf.wp-247.de\/?page_id=528"},"modified":"2022-04-04T12:32:45","modified_gmt":"2022-04-04T10:32:45","slug":"cookie-policy","status":"publish","type":"page","link":"https:\/\/aboutwmf.com\/de\/cookie-policy\/","title":{"rendered":"Cookie Policy"},"content":{"rendered":"\t\t<div data-elementor-type=\"wp-page\" data-elementor-id=\"528\" class=\"elementor elementor-528\" data-elementor-settings=\"{&quot;element_pack_global_tooltip_width&quot;:{&quot;unit&quot;:&quot;px&quot;,&quot;size&quot;:&quot;&quot;,&quot;sizes&quot;:[]},&quot;element_pack_global_tooltip_width_tablet&quot;:{&quot;unit&quot;:&quot;px&quot;,&quot;size&quot;:&quot;&quot;,&quot;sizes&quot;:[]},&quot;element_pack_global_tooltip_width_mobile&quot;:{&quot;unit&quot;:&quot;px&quot;,&quot;size&quot;:&quot;&quot;,&quot;sizes&quot;:[]},&quot;element_pack_global_tooltip_padding&quot;:{&quot;unit&quot;:&quot;px&quot;,&quot;top&quot;:&quot;&quot;,&quot;right&quot;:&quot;&quot;,&quot;bottom&quot;:&quot;&quot;,&quot;left&quot;:&quot;&quot;,&quot;isLinked&quot;:true},&quot;element_pack_global_tooltip_padding_tablet&quot;:{&quot;unit&quot;:&quot;px&quot;,&quot;top&quot;:&quot;&quot;,&quot;right&quot;:&quot;&quot;,&quot;bottom&quot;:&quot;&quot;,&quot;left&quot;:&quot;&quot;,&quot;isLinked&quot;:true},&quot;element_pack_global_tooltip_padding_mobile&quot;:{&quot;unit&quot;:&quot;px&quot;,&quot;top&quot;:&quot;&quot;,&quot;right&quot;:&quot;&quot;,&quot;bottom&quot;:&quot;&quot;,&quot;left&quot;:&quot;&quot;,&quot;isLinked&quot;:true},&quot;element_pack_global_tooltip_border_radius&quot;:{&quot;unit&quot;:&quot;px&quot;,&quot;top&quot;:&quot;&quot;,&quot;right&quot;:&quot;&quot;,&quot;bottom&quot;:&quot;&quot;,&quot;left&quot;:&quot;&quot;,&quot;isLinked&quot;:true},&quot;element_pack_global_tooltip_border_radius_tablet&quot;:{&quot;unit&quot;:&quot;px&quot;,&quot;top&quot;:&quot;&quot;,&quot;right&quot;:&quot;&quot;,&quot;bottom&quot;:&quot;&quot;,&quot;left&quot;:&quot;&quot;,&quot;isLinked&quot;:true},&quot;element_pack_global_tooltip_border_radius_mobile&quot;:{&quot;unit&quot;:&quot;px&quot;,&quot;top&quot;:&quot;&quot;,&quot;right&quot;:&quot;&quot;,&quot;bottom&quot;:&quot;&quot;,&quot;left&quot;:&quot;&quot;,&quot;isLinked&quot;:true}}\" data-elementor-post-type=\"page\">\n\t\t\t\t\t\t<section class=\"elementor-section elementor-top-section elementor-element elementor-element-e3d63fb elementor-section-boxed elementor-section-height-default elementor-section-height-default\" data-id=\"e3d63fb\" data-element_type=\"section\" data-e-type=\"section\">\n\t\t\t\t\t\t<div class=\"elementor-container elementor-column-gap-default\">\n\t\t\t\t\t<div class=\"elementor-column elementor-col-100 elementor-top-column elementor-element elementor-element-b4482d0\" data-id=\"b4482d0\" data-element_type=\"column\" data-e-type=\"column\">\n\t\t\t<div class=\"elementor-widget-wrap elementor-element-populated\">\n\t\t\t\t\t\t<div class=\"elementor-element elementor-element-0acfea5 elementor-widget elementor-widget-heading\" data-id=\"0acfea5\" data-element_type=\"widget\" data-e-type=\"widget\" data-widget_type=\"heading.default\">\n\t\t\t\t<div class=\"elementor-widget-container\">\n\t\t\t\t\t<h2 class=\"elementor-heading-title elementor-size-default\">Cookie Policy<\/h2>\t\t\t\t<\/div>\n\t\t\t\t<\/div>\n\t\t\t\t\t<\/div>\n\t\t<\/div>\n\t\t\t\t\t<\/div>\n\t\t<\/section>\n\t\t\t\t<section class=\"elementor-section elementor-top-section elementor-element elementor-element-2c9448c elementor-section-boxed elementor-section-height-default elementor-section-height-default\" data-id=\"2c9448c\" data-element_type=\"section\" data-e-type=\"section\">\n\t\t\t\t\t\t<div class=\"elementor-container elementor-column-gap-default\">\n\t\t\t\t\t<div class=\"elementor-column elementor-col-100 elementor-top-column elementor-element elementor-element-557e845\" data-id=\"557e845\" data-element_type=\"column\" data-e-type=\"column\">\n\t\t\t<div class=\"elementor-widget-wrap elementor-element-populated\">\n\t\t\t\t\t\t<div class=\"elementor-element elementor-element-0926729 elementor-widget elementor-widget-text-editor\" data-id=\"0926729\" data-element_type=\"widget\" data-e-type=\"widget\" data-widget_type=\"text-editor.default\">\n\t\t\t\t<div class=\"elementor-widget-container\">\n\t\t\t\t\t\t\t\t\t<h3>Aufrufen unserer Webseiten<\/h3><p><strong>a. Log-Files<\/strong><\/p><p>Wenn Sie unsere Website besuchen, k\u00f6nnen Sie dies grunds\u00e4tzlich ohne Offenlegung Ihrer Identit\u00e4t tun. Wie bei jeder Website erhebt und speichert unser Server automatisch und tempor\u00e4r folgende Angaben in den Server-Logfiles, die durch den Browser \u00fcbermittelt werden, sofern dies nicht von Ihnen deaktiviert wurde:<\/p><ul><li>\u2013 Browsertyp\/ -version\u202f<\/li><li>\u2013 verwendetes Betriebssystem des anfragenden Rechners<\/li><li>\u2013 Dateianfrage des Rechners\u202f<\/li><li>\u2013 den http-Antwort-Code\u202f<\/li><li>\u2013 die zuvor besuchte Seite (Referrer-URL)\u202f<\/li><li>\u2013 IP-Adresse des anfragenden Rechner\u202f\u202f<\/li><li>\u2013 Uhrzeit der Serveranfrage\u202f<\/li><\/ul><p>Eine personenbezogene Auswertung der Server-Logfiles findet nicht statt. Diese Daten sind f\u00fcr uns zu keinem Zeitpunkt bestimmten Personen zuordenbar. Eine Zusammenf\u00fchrung dieser Daten mit anderen Datenquellen wird nicht vorgenommen, ausgenommen hiervon ist die Speicherung der IP-Adresse bei einer Bestellung in unserem Onlineshop im Zusammenhang mit Ihrer Bestellung.<\/p><p><strong>b. Cookies, Tracking<\/strong><\/p><p>Diese Website verwendet Cookies. Cookies dienen dazu, unser Angebot nutzerfreundlicher, effektiver und sicherer zu machen. Cookies sind kleine Textdateien, die auf Ihrem Rechner abgelegt werden und die Ihr Browser speichert. Die meisten Browser verwenden Cookies standardm\u00e4\u00dfig. Sie k\u00f6nnen in den Sicherheitseinstellungen tempor\u00e4re und gespeicherte Cookies unabh\u00e4ngig voneinander zulassen oder verbieten. Wenn Sie Cookies deaktivieren, stehen Ihnen unter Umst\u00e4nden bestimmte Features auf unserer Seite nicht zur Verf\u00fcgung. Und einige Webseiten werden m\u00f6glicherweise nicht richtig angezeigt. Wir verwenden sowohl tempor\u00e4re Cookies, die nur f\u00fcr die Dauer Ihres Besuches auf der WMF Website g\u00fcltig sind, als auch Cookies, die f\u00fcr unbestimmte Zeit auf Ihrem Rechner gespeichert und eingesetzt werden. Letztere k\u00f6nnen jederzeit von Ihnen selbst gel\u00f6scht werden. Bitte befolgen Sie dazu die Anweisungen der Hilfefunktion Ihres Browsers bez\u00fcglich der Verhinderung sowie L\u00f6schung von Cookies. Cookies richten auf Ihrem Rechner keinen Schaden an und enthalten keine Viren. Die Cookies enthalten keine personenbezogenen Daten und die darin gespeicherten Informationen werden nicht mit Ihren pers\u00f6nlichen Daten (Name, Adresse usw.) verkn\u00fcpft.<\/p><p><strong>c. Arten von Cookies<\/strong><\/p><ul><li>\u2013 Marketingcookies<\/li><\/ul><p>Cookies dieser Art k\u00f6nnen \u00fcber unsere Website von uns oder unseren Partnern gesetzt werden, um Ihnen relevante Inhalte\/Werbung sowohl auf unseren als auch auf Drittseiten anzuzeigen. Dabei k\u00f6nnen sog. Profile auf Basis Ihrer Interessen gebildet werden. Die Identifizierung der Person ist durch diese Informationen in der Regel nicht m\u00f6glich, da ausschlie\u00dflich pseudonyme Browser- und\/oder Ger\u00e4teinformationen genutzt werden.<\/p><ul><li>\u2013 Tracking-Cookies<\/li><\/ul><p>Wir erfassen mit diesen Cookies anonymisierte Daten f\u00fcr Statistiken und Analysen, um unser Angebot und unsere Webseite weiter zu verbessern. Beispielsweise ermitteln und optimieren wir die Besucherzahlen, den Effekt und Fehler bestimmter Seiten unseres Web-Auftritts.<\/p><ul><li>\u2013 Unbedingt erforderliche Cookies<\/li><\/ul><p>F\u00fcr den Betrieb der Seite unbedingt notwendig sind Cookies dieser Art. Beispielsweise erm\u00f6glichen Sie sicherheitsrelevante Funktionalit\u00e4ten.<\/p><p><strong>d. Consent Management<\/strong><\/p><p>Wir nutzen ein Consent Management Tool des Anbieters \u201cOneTrust\u201d (OneTrust LLC, Hauptsitz Gro\u00dfbritannien: Cannon Green, 27 Bush Lane, London EC4R 0AA, Gro\u00dfbritannien und Hauptsitz USA: 1350 Spring Street NW, Suite 500, Atlanta, Georgia 30309, USA) um die von Ihnen erteilten Einwilligungen zu verwalten und dokumentieren. Wir verwenden OneTrust unter anderem f\u00fcr die Anbietung eines sogenannten Cookie-Banners, durch welches Sie Ihre individuellen Cookie-Einstellungen f\u00fcr unsere Seite vornehmen k\u00f6nnen. Hierzu wird von OneTrust gespeichert, welche Cookies bzw. Kategorien von Cookies zugestimmt oder abgelehnt wurden. Dadurch werden nur die Cookies gesetzt, in welche vom Nutzer explizit eingewilligt wurden. Die Rechtsgrundlage f\u00fcr diese Datenverarbeitung begr\u00fcnden wir in Art. 6 Abs. 1 c), f) DSGVO. Sie haben zudem die M\u00f6glichkeit in Ihren Browsereinstellungen zu definieren, ob Cookies akzeptiert oder abgelehnt werden sollen. Pr\u00fcfen Sie hierzu die M\u00f6glichkeiten Ihres genutzten Internetbrowsers.<\/p>\t\t\t\t\t\t\t\t<\/div>\n\t\t\t\t<\/div>\n\t\t\t\t\t<\/div>\n\t\t<\/div>\n\t\t\t\t\t<\/div>\n\t\t<\/section>\n\t\t\t\t<\/div>\n\t\t","protected":false},"excerpt":{"rendered":"<p>Cookie Policy Aufrufen unserer Webseiten a. Log-Files Wenn Sie unsere Website besuchen, k\u00f6nnen Sie dies grunds\u00e4tzlich ohne Offenlegung Ihrer Identit\u00e4t tun. Wie bei jeder Website erhebt und speichert unser Server automatisch und tempor\u00e4r folgende Angaben in den Server-Logfiles, die durch den Browser \u00fcbermittelt werden, sofern dies nicht von Ihnen deaktiviert wurde: \u2013 Browsertyp\/ -version\u202f \u2013 [&hellip;]<\/p>\n","protected":false},"author":47,"featured_media":0,"parent":0,"menu_order":0,"comment_status":"closed","ping_status":"closed","template":"","meta":{"site-sidebar-layout":"default","site-content-layout":"","ast-site-content-layout":"default","site-content-style":"default","site-sidebar-style":"default","ast-global-header-display":"","ast-banner-title-visibility":"","ast-main-header-display":"","ast-hfb-above-header-display":"","ast-hfb-below-header-display":"","ast-hfb-mobile-header-display":"","site-post-title":"","ast-breadcrumbs-content":"","ast-featured-img":"","footer-sml-layout":"","ast-disable-related-posts":"","theme-transparent-header-meta":"","adv-header-id-meta":"","stick-header-meta":"","header-above-stick-meta":"","header-main-stick-meta":"","header-below-stick-meta":"","astra-migrate-meta-layouts":"default","ast-page-background-enabled":"default","ast-page-background-meta":{"desktop":{"background-color":"var(--ast-global-color-4)","background-image":"","background-repeat":"repeat","background-position":"center center","background-size":"auto","background-attachment":"scroll","background-type":"","background-media":"","overlay-type":"","overlay-color":"","overlay-opacity":"","overlay-gradient":""},"tablet":{"background-color":"","background-image":"","background-repeat":"repeat","background-position":"center center","background-size":"auto","background-attachment":"scroll","background-type":"","background-media":"","overlay-type":"","overlay-color":"","overlay-opacity":"","overlay-gradient":""},"mobile":{"background-color":"","background-image":"","background-repeat":"repeat","background-position":"center center","background-size":"auto","background-attachment":"scroll","background-type":"","background-media":"","overlay-type":"","overlay-color":"","overlay-opacity":"","overlay-gradient":""}},"ast-content-background-meta":{"desktop":{"background-color":"var(--ast-global-color-5)","background-image":"","background-repeat":"repeat","background-position":"center center","background-size":"auto","background-attachment":"scroll","background-type":"","background-media":"","overlay-type":"","overlay-color":"","overlay-opacity":"","overlay-gradient":""},"tablet":{"background-color":"var(--ast-global-color-5)","background-image":"","background-repeat":"repeat","background-position":"center center","background-size":"auto","background-attachment":"scroll","background-type":"","background-media":"","overlay-type":"","overlay-color":"","overlay-opacity":"","overlay-gradient":""},"mobile":{"background-color":"var(--ast-global-color-5)","background-image":"","background-repeat":"repeat","background-position":"center center","background-size":"auto","background-attachment":"scroll","background-type":"","background-media":"","overlay-type":"","overlay-color":"","overlay-opacity":"","overlay-gradient":""}},"_themeisle_gutenberg_block_has_review":false,"footnotes":""},"categories":[],"wmf_post_category":[],"class_list":["post-528","page","type-page","status-publish","hentry"],"yoast_head":"<!-- This site is optimized with the Yoast SEO plugin v27.3 - https:\/\/yoast.com\/product\/yoast-seo-wordpress\/ -->\n<title>Cookie Policy |<\/title>\n<meta name=\"robots\" content=\"index, follow, max-snippet:-1, max-image-preview:large, max-video-preview:-1\" \/>\n<link rel=\"canonical\" href=\"https:\/\/aboutwmf.com\/de\/cookie-policy\/\" \/>\n<meta property=\"og:locale\" content=\"de_DE\" \/>\n<meta property=\"og:type\" content=\"article\" \/>\n<meta property=\"og:title\" content=\"Cookie Policy |\" \/>\n<meta property=\"og:description\" content=\"Cookie Policy Aufrufen unserer Webseiten a. Log-Files Wenn Sie unsere Website besuchen, k\u00f6nnen Sie dies grunds\u00e4tzlich ohne Offenlegung Ihrer Identit\u00e4t tun. Wie bei jeder Website erhebt und speichert unser Server automatisch und tempor\u00e4r folgende Angaben in den Server-Logfiles, die durch den Browser \u00fcbermittelt werden, sofern dies nicht von Ihnen deaktiviert wurde: \u2013 Browsertyp\/ -version\u202f \u2013 [&hellip;]\" \/>\n<meta property=\"og:url\" content=\"https:\/\/aboutwmf.com\/de\/cookie-policy\/\" \/>\n<meta property=\"article:modified_time\" content=\"2022-04-04T10:32:45+00:00\" \/>\n<meta name=\"twitter:card\" content=\"summary_large_image\" \/>\n<script type=\"application\/ld+json\" class=\"yoast-schema-graph\">{\"@context\":\"https:\\\/\\\/schema.org\",\"@graph\":[{\"@type\":\"WebPage\",\"@id\":\"https:\\\/\\\/aboutwmf.com\\\/de\\\/cookie-policy\\\/\",\"url\":\"https:\\\/\\\/aboutwmf.com\\\/de\\\/cookie-policy\\\/\",\"name\":\"Cookie Policy |\",\"isPartOf\":{\"@id\":\"https:\\\/\\\/aboutwmf.com\\\/de\\\/#website\"},\"datePublished\":\"2021-07-16T09:52:20+00:00\",\"dateModified\":\"2022-04-04T10:32:45+00:00\",\"breadcrumb\":{\"@id\":\"https:\\\/\\\/aboutwmf.com\\\/de\\\/cookie-policy\\\/#breadcrumb\"},\"inLanguage\":\"de\",\"potentialAction\":[{\"@type\":\"ReadAction\",\"target\":[\"https:\\\/\\\/aboutwmf.com\\\/de\\\/cookie-policy\\\/\"]}]},{\"@type\":\"BreadcrumbList\",\"@id\":\"https:\\\/\\\/aboutwmf.com\\\/de\\\/cookie-policy\\\/#breadcrumb\",\"itemListElement\":[{\"@type\":\"ListItem\",\"position\":1,\"name\":\"Startseite\",\"item\":\"https:\\\/\\\/aboutwmf.com\\\/de\\\/\"},{\"@type\":\"ListItem\",\"position\":2,\"name\":\"Cookie Policy\"}]},{\"@type\":\"WebSite\",\"@id\":\"https:\\\/\\\/aboutwmf.com\\\/de\\\/#website\",\"url\":\"https:\\\/\\\/aboutwmf.com\\\/de\\\/\",\"name\":\"WMF\",\"description\":\"\",\"publisher\":{\"@id\":\"https:\\\/\\\/aboutwmf.com\\\/de\\\/#organization\"},\"potentialAction\":[{\"@type\":\"SearchAction\",\"target\":{\"@type\":\"EntryPoint\",\"urlTemplate\":\"https:\\\/\\\/aboutwmf.com\\\/de\\\/?s={search_term_string}\"},\"query-input\":{\"@type\":\"PropertyValueSpecification\",\"valueRequired\":true,\"valueName\":\"search_term_string\"}}],\"inLanguage\":\"de\"},{\"@type\":\"Organization\",\"@id\":\"https:\\\/\\\/aboutwmf.com\\\/de\\\/#organization\",\"name\":\"WMF GmbH\",\"url\":\"https:\\\/\\\/aboutwmf.com\\\/de\\\/\",\"logo\":{\"@type\":\"ImageObject\",\"inLanguage\":\"de\",\"@id\":\"https:\\\/\\\/aboutwmf.com\\\/de\\\/#\\\/schema\\\/logo\\\/image\\\/\",\"url\":\"https:\\\/\\\/aboutwmf.com\\\/wp-content\\\/uploads\\\/2021\\\/07\\\/Logo_Black.svg\",\"contentUrl\":\"https:\\\/\\\/aboutwmf.com\\\/wp-content\\\/uploads\\\/2021\\\/07\\\/Logo_Black.svg\",\"width\":165,\"height\":51,\"caption\":\"WMF GmbH\"},\"image\":{\"@id\":\"https:\\\/\\\/aboutwmf.com\\\/de\\\/#\\\/schema\\\/logo\\\/image\\\/\"}}]}<\/script>\n<!-- \/ Yoast SEO plugin. -->","yoast_head_json":{"title":"Cookie Policy |","robots":{"index":"index","follow":"follow","max-snippet":"max-snippet:-1","max-image-preview":"max-image-preview:large","max-video-preview":"max-video-preview:-1"},"canonical":"https:\/\/aboutwmf.com\/de\/cookie-policy\/","og_locale":"de_DE","og_type":"article","og_title":"Cookie Policy |","og_description":"Cookie Policy Aufrufen unserer Webseiten a. Log-Files Wenn Sie unsere Website besuchen, k\u00f6nnen Sie dies grunds\u00e4tzlich ohne Offenlegung Ihrer Identit\u00e4t tun. Wie bei jeder Website erhebt und speichert unser Server automatisch und tempor\u00e4r folgende Angaben in den Server-Logfiles, die durch den Browser \u00fcbermittelt werden, sofern dies nicht von Ihnen deaktiviert wurde: \u2013 Browsertyp\/ -version\u202f \u2013 [&hellip;]","og_url":"https:\/\/aboutwmf.com\/de\/cookie-policy\/","article_modified_time":"2022-04-04T10:32:45+00:00","twitter_card":"summary_large_image","schema":{"@context":"https:\/\/schema.org","@graph":[{"@type":"WebPage","@id":"https:\/\/aboutwmf.com\/de\/cookie-policy\/","url":"https:\/\/aboutwmf.com\/de\/cookie-policy\/","name":"Cookie Policy |","isPartOf":{"@id":"https:\/\/aboutwmf.com\/de\/#website"},"datePublished":"2021-07-16T09:52:20+00:00","dateModified":"2022-04-04T10:32:45+00:00","breadcrumb":{"@id":"https:\/\/aboutwmf.com\/de\/cookie-policy\/#breadcrumb"},"inLanguage":"de","potentialAction":[{"@type":"ReadAction","target":["https:\/\/aboutwmf.com\/de\/cookie-policy\/"]}]},{"@type":"BreadcrumbList","@id":"https:\/\/aboutwmf.com\/de\/cookie-policy\/#breadcrumb","itemListElement":[{"@type":"ListItem","position":1,"name":"Startseite","item":"https:\/\/aboutwmf.com\/de\/"},{"@type":"ListItem","position":2,"name":"Cookie Policy"}]},{"@type":"WebSite","@id":"https:\/\/aboutwmf.com\/de\/#website","url":"https:\/\/aboutwmf.com\/de\/","name":"WMF","description":"","publisher":{"@id":"https:\/\/aboutwmf.com\/de\/#organization"},"potentialAction":[{"@type":"SearchAction","target":{"@type":"EntryPoint","urlTemplate":"https:\/\/aboutwmf.com\/de\/?s={search_term_string}"},"query-input":{"@type":"PropertyValueSpecification","valueRequired":true,"valueName":"search_term_string"}}],"inLanguage":"de"},{"@type":"Organization","@id":"https:\/\/aboutwmf.com\/de\/#organization","name":"WMF GmbH","url":"https:\/\/aboutwmf.com\/de\/","logo":{"@type":"ImageObject","inLanguage":"de","@id":"https:\/\/aboutwmf.com\/de\/#\/schema\/logo\/image\/","url":"https:\/\/aboutwmf.com\/wp-content\/uploads\/2021\/07\/Logo_Black.svg","contentUrl":"https:\/\/aboutwmf.com\/wp-content\/uploads\/2021\/07\/Logo_Black.svg","width":165,"height":51,"caption":"WMF GmbH"},"image":{"@id":"https:\/\/aboutwmf.com\/de\/#\/schema\/logo\/image\/"}}]}},"_links":{"self":[{"href":"https:\/\/aboutwmf.com\/de\/wp-json\/wp\/v2\/pages\/528","targetHints":{"allow":["GET"]}}],"collection":[{"href":"https:\/\/aboutwmf.com\/de\/wp-json\/wp\/v2\/pages"}],"about":[{"href":"https:\/\/aboutwmf.com\/de\/wp-json\/wp\/v2\/types\/page"}],"author":[{"embeddable":true,"href":"https:\/\/aboutwmf.com\/de\/wp-json\/wp\/v2\/users\/47"}],"replies":[{"embeddable":true,"href":"https:\/\/aboutwmf.com\/de\/wp-json\/wp\/v2\/comments?post=528"}],"version-history":[{"count":0,"href":"https:\/\/aboutwmf.com\/de\/wp-json\/wp\/v2\/pages\/528\/revisions"}],"wp:attachment":[{"href":"https:\/\/aboutwmf.com\/de\/wp-json\/wp\/v2\/media?parent=528"}],"wp:term":[{"taxonomy":"category","embeddable":true,"href":"https:\/\/aboutwmf.com\/de\/wp-json\/wp\/v2\/categories?post=528"},{"taxonomy":"wmf_post_category","embeddable":true,"href":"https:\/\/aboutwmf.com\/de\/wp-json\/wp\/v2\/wmf_post_category?post=528"}],"curies":[{"name":"wp","href":"https:\/\/api.w.org\/{rel}","templated":true}]}}