{"id":9004111222815957,"date":"2023-07-17T16:01:13","date_gmt":"2023-07-17T14:01:13","guid":{"rendered":"https:\/\/aboutwmf.com\/?page_id=9004111222815957"},"modified":"2025-11-12T13:36:29","modified_gmt":"2025-11-12T12:36:29","slug":"beratung-und-unterstuetzung-bgm-bgf","status":"publish","type":"page","link":"https:\/\/aboutwmf.com\/de\/beratung-und-unterstuetzung-bgm-bgf\/","title":{"rendered":"Beratung und Unterst\u00fctzung, BGM\/BGF"},"content":{"rendered":"\t\t<div data-elementor-type=\"wp-page\" data-elementor-id=\"9004111222815957\" class=\"elementor elementor-9004111222815957\" data-elementor-settings=\"{&quot;element_pack_global_tooltip_width&quot;:{&quot;unit&quot;:&quot;px&quot;,&quot;size&quot;:&quot;&quot;,&quot;sizes&quot;:[]},&quot;element_pack_global_tooltip_width_tablet&quot;:{&quot;unit&quot;:&quot;px&quot;,&quot;size&quot;:&quot;&quot;,&quot;sizes&quot;:[]},&quot;element_pack_global_tooltip_width_mobile&quot;:{&quot;unit&quot;:&quot;px&quot;,&quot;size&quot;:&quot;&quot;,&quot;sizes&quot;:[]},&quot;element_pack_global_tooltip_padding&quot;:{&quot;unit&quot;:&quot;px&quot;,&quot;top&quot;:&quot;&quot;,&quot;right&quot;:&quot;&quot;,&quot;bottom&quot;:&quot;&quot;,&quot;left&quot;:&quot;&quot;,&quot;isLinked&quot;:true},&quot;element_pack_global_tooltip_padding_tablet&quot;:{&quot;unit&quot;:&quot;px&quot;,&quot;top&quot;:&quot;&quot;,&quot;right&quot;:&quot;&quot;,&quot;bottom&quot;:&quot;&quot;,&quot;left&quot;:&quot;&quot;,&quot;isLinked&quot;:true},&quot;element_pack_global_tooltip_padding_mobile&quot;:{&quot;unit&quot;:&quot;px&quot;,&quot;top&quot;:&quot;&quot;,&quot;right&quot;:&quot;&quot;,&quot;bottom&quot;:&quot;&quot;,&quot;left&quot;:&quot;&quot;,&quot;isLinked&quot;:true},&quot;element_pack_global_tooltip_border_radius&quot;:{&quot;unit&quot;:&quot;px&quot;,&quot;top&quot;:&quot;&quot;,&quot;right&quot;:&quot;&quot;,&quot;bottom&quot;:&quot;&quot;,&quot;left&quot;:&quot;&quot;,&quot;isLinked&quot;:true},&quot;element_pack_global_tooltip_border_radius_tablet&quot;:{&quot;unit&quot;:&quot;px&quot;,&quot;top&quot;:&quot;&quot;,&quot;right&quot;:&quot;&quot;,&quot;bottom&quot;:&quot;&quot;,&quot;left&quot;:&quot;&quot;,&quot;isLinked&quot;:true},&quot;element_pack_global_tooltip_border_radius_mobile&quot;:{&quot;unit&quot;:&quot;px&quot;,&quot;top&quot;:&quot;&quot;,&quot;right&quot;:&quot;&quot;,&quot;bottom&quot;:&quot;&quot;,&quot;left&quot;:&quot;&quot;,&quot;isLinked&quot;:true}}\" data-elementor-post-type=\"page\">\n\t\t\t\t\t\t<section class=\"elementor-section elementor-top-section elementor-element elementor-element-b4ef31b elementor-section-boxed elementor-section-height-default elementor-section-height-default\" data-id=\"b4ef31b\" data-element_type=\"section\" data-e-type=\"section\">\n\t\t\t\t\t\t<div class=\"elementor-container elementor-column-gap-default\">\n\t\t\t\t\t<div class=\"elementor-column elementor-col-100 elementor-top-column elementor-element elementor-element-c6c9bf3\" data-id=\"c6c9bf3\" data-element_type=\"column\" data-e-type=\"column\">\n\t\t\t<div class=\"elementor-widget-wrap elementor-element-populated\">\n\t\t\t\t\t\t<div class=\"elementor-element elementor-element-8f0c461 elementor-widget elementor-widget-heading\" data-id=\"8f0c461\" data-element_type=\"widget\" data-e-type=\"widget\" data-widget_type=\"heading.default\">\n\t\t\t\t<div class=\"elementor-widget-container\">\n\t\t\t\t\t<h1 class=\"elementor-heading-title elementor-size-default\">Beratung und Unterst\u00fctzung, BGM\/BGF<\/h1>\t\t\t\t<\/div>\n\t\t\t\t<\/div>\n\t\t\t\t\t<\/div>\n\t\t<\/div>\n\t\t\t\t\t<\/div>\n\t\t<\/section>\n\t\t\t\t<section class=\"elementor-section elementor-top-section elementor-element elementor-element-e654bd0 elementor-section-boxed elementor-section-height-default elementor-section-height-default\" data-id=\"e654bd0\" data-element_type=\"section\" data-e-type=\"section\">\n\t\t\t\t\t\t<div class=\"elementor-container elementor-column-gap-default\">\n\t\t\t\t\t<div class=\"elementor-column elementor-col-100 elementor-top-column elementor-element elementor-element-8a9bc88\" data-id=\"8a9bc88\" data-element_type=\"column\" data-e-type=\"column\">\n\t\t\t<div class=\"elementor-widget-wrap elementor-element-populated\">\n\t\t\t\t\t\t<div class=\"elementor-element elementor-element-39d7476 elementor-widget elementor-widget-text-editor\" data-id=\"39d7476\" data-element_type=\"widget\" data-e-type=\"widget\" data-widget_type=\"text-editor.default\">\n\t\t\t\t<div class=\"elementor-widget-container\">\n\t\t\t\t\t\t\t\t\t<p><u><strong>Beratung, Unterweisung und\u00a0Unterst\u00fctzung<\/strong><\/u><\/p><p>\u2013 bei der <strong>Beurteilung von\u00a0<\/strong>k\u00f6rperlichen und psychischen\u00a0<strong>Belastungen<\/strong>\u00a0im Betrieb,\u00a0bei der Erstellung und Aktualisierung der\u00a0<strong>Gef\u00e4hrdungsbeurteilung<\/strong><\/p><p>\u2013\u00a0 bei der <strong>ergonomischen Gestaltung<\/strong> und Planung von Arbeitspl\u00e4tzen und -verfahren, <span style=\"text-decoration: underline;\"><span style=\"color: #0000ff; text-decoration: underline;\"><a style=\"color: #0000ff; text-decoration: underline;\" href=\"https:\/\/www.awmf.org\/service\/awmf-aktuell\/einsatz-von-exoskeletten-im-beruflichen-kontext-zur-primaer-sekundaer-und-tertiaerpraevention-von-arbeitsassoziierten-muskuloskelettalen-beschwerden\" target=\"_blank\" rel=\"noopener\">(<\/a><\/span><\/span><span style=\"color: #0000ff;\"><span style=\"color: #0000ff;\"><a style=\"color: #0000ff; text-decoration: underline;\" href=\"https:\/\/publikationen.dguv.de\/widgets\/pdf\/download\/article\/5103\" target=\"_blank\" rel=\"noopener\">DGUV Information 208-062 &#8211; Mensch und Arbeitsplatz &#8211; Auswahl und Einsatz von Exoskeletten<\/a><\/span><\/span><span style=\"text-decoration: underline;\"><span style=\"color: #0000ff; text-decoration: underline;\"><u>, <\/u><a style=\"color: #0000ff; text-decoration: underline;\" href=\"https:\/\/www.awmf.org\/service\/awmf-aktuell\/einsatz-von-exoskeletten-im-beruflichen-kontext-zur-primaer-sekundaer-und-tertiaerpraevention-von-arbeitsassoziierten-muskuloskelettalen-beschwerden\" target=\"_blank\" rel=\"noopener\">AWMF-Leitlinie \u201cEinsatz von Exoskeletten im beruflichen Kontext zur Prim\u00e4r-, Sekund\u00e4r-, und Terti\u00e4rpr\u00e4vention von arbeitsassoziierten muskuloskelettalen Beschwerden\u201d)<\/a><\/span><\/span><\/p><p>\u2013 bei der <strong>Stufenweisen<\/strong> <strong>Wiedereingliederung von Mitarbeitern <\/strong>sowie bei dem<strong> Betrieblichen Eingliederungsmanagement (BEM) <\/strong>(<span style=\"color: #0000ff;\"><a style=\"color: #0000ff;\" title=\"https:\/\/www.g-ba.de\/downloads\/62-492-3008\/AU-RL_2022-11-17_iK-2022-12-01.pdf\" href=\"https:\/\/www.g-ba.de\/downloads\/62-492-3374\/AU-RL_2023-12-07_iK-2024-02-21.pdf\" target=\"_blank\" rel=\"noopener\" data-cke-saved-href=\"https:\/\/www.g-ba.de\/downloads\/62-492-3008\/AU-RL_2022-11-17_iK-2022-12-01.pdf\" data-interception=\"off\"><span style=\"text-decoration: underline;\">Stufenweise Wiedereingliederung<\/span><\/a><\/span>, <span style=\"text-decoration: underline;\"><span style=\"color: #0000ff; text-decoration: underline;\"><a style=\"color: #0000ff; text-decoration: underline;\" href=\"https:\/\/publikationen.dguv.de\/widgets\/pdf\/download\/article\/2985\" target=\"_blank\" rel=\"noopener\">DGUV Information 250-109 \u2013 Leitfaden f\u00fcr Betriebs\u00e4rztinnen und Betriebs\u00e4rzte zum Betrieblichen Eingliederungsmanagement<\/a><\/span><\/span>, <span style=\"text-decoration: underline;\"><span style=\"color: #0000ff; text-decoration: underline;\"><a style=\"color: #0000ff; text-decoration: underline;\" href=\"https:\/\/www.bmas.de\/SharedDocs\/Downloads\/DE\/Publikationen\/a452-erhalt-beschaeftigungsfaehigkeit.pdf?__blob=publicationFile&amp;v=2\" target=\"_blank\" rel=\"noopener\">Erhalt der Besch\u00e4ftigungsf\u00e4higkeit<\/a><\/span><\/span>, <span style=\"text-decoration: underline;\"><span style=\"color: #0000ff; text-decoration: underline;\"><a style=\"color: #0000ff; text-decoration: underline;\" href=\"http:\/\/www.rehadat.info\/de\/\" target=\"_blank\" rel=\"noopener\" data-cke-saved-href=\"http:\/\/www.rehadat.info\/de\/\">Rehadat<\/a><\/span><\/span>\u00a0Homepage<\/p><p>\u2013 Vorbeugung von <strong>Hauterkrankungen<\/strong>, einschl. Beratung zum Hautschutz (z.B. <span style=\"text-decoration: underline; color: #0000ff;\"><a style=\"color: #0000ff; text-decoration: underline;\" href=\"https:\/\/www.dguv.de\/fb-psa\/sachgebiete\/sachgebiet-hautschutz\/hautschutzplan\/index.jsp\" target=\"_blank\" rel=\"noopener\">Hand- und Hautschutzplan<\/a><\/span>), <span style=\"text-decoration: underline;\"><span style=\"color: #0000ff;\"><a style=\"color: #0000ff; text-decoration: underline;\" href=\"https:\/\/www.dguv.de\/medien\/formtexte\/aerzte\/f_6060-5101\/f6060-5101.pdf\" target=\"_blank\" rel=\"noopener\">Betriebs\u00e4rztlicher Gef\u00e4hrdungsbericht Haut (BK-Nr. 5101)<\/a><\/span><\/span><\/p><p>\u2013 Vorbeugung von\u00a0<strong>Erkrankungen des Geh\u00f6rs durch L\u00e4rm<\/strong>, einschl. L\u00e4rmschutzma\u00dfnahmen<\/p><p>\u2013<strong> Umgang mit Gefahrstoffen<\/strong>,\u00a0<span style=\"text-decoration: underline;\"><span style=\"color: #0000ff;\"><a style=\"color: #0000ff; text-decoration: underline;\" href=\"https:\/\/www.baua.de\/DE\/Angebote\/Rechtstexte-und-Technische-Regeln\/Regelwerk\/AMR\/pdf\/AMR-3-2.pdf?__blob=publicationFile&amp;v=3\" target=\"_blank\" rel=\"noopener\" data-cke-saved-href=\"https:\/\/www.baua.de\/DE\/Angebote\/Rechtstexte-und-Technische-Regeln\/Regelwerk\/AMR\/pdf\/AMR-3-2.pdf?__blob=publicationFile&amp;v=3\">arbeitsmedizinische und arbeitsmedizinisch-toxikologische Beratungen<\/a><\/span><\/span><\/p><p>\u2013<a href=\"\/reisen-und-impfwesen\" target=\"_blank\" rel=\"noopener\"><span style=\"text-decoration: underline;\"><span style=\"color: #0000ff;\">Impfen<\/span><\/span><span style=\"text-decoration: underline;\"><span style=\"color: #0000ff;\"> und <\/span><\/span><span style=\"text-decoration: underline;\"><span style=\"color: #0000ff;\">Impfschutz<\/span><\/span><\/a>,\u00a0Infektionsschutz<\/p><p>\u2013<strong> Alkohol und Drogen<\/strong>\u00a0(<span style=\"text-decoration: underline;\"><span style=\"color: #0000ff;\"><a style=\"color: #0000ff; text-decoration: underline;\" title=\"https:\/\/publikationen.dguv.de\/widgets\/pdf\/download\/article\/1268\" href=\"https:\/\/publikationen.dguv.de\/widgets\/pdf\/download\/article\/1268\" target=\"_blank\" rel=\"noopener\" data-cke-saved-href=\"https:\/\/publikationen.dguv.de\/widgets\/pdf\/download\/article\/1268\" data-interception=\"off\">DGUV Information 206-009 &#8222;Suchtpr\u00e4vention in der Arbeitswelt&#8220;<\/a><\/span><\/span>,\u00a0<span style=\"text-decoration: underline;\"><span style=\"color: #0000ff;\"><a style=\"color: #0000ff; text-decoration: underline;\" title=\"https:\/\/www.dhs.de\/die-dhs\" href=\"https:\/\/www.dhs.de\/die-dhs\" target=\"_blank\" rel=\"noopener\" data-cke-saved-href=\"https:\/\/www.dhs.de\/die-dhs\" data-interception=\"off\">Deutsche Hauptstelle f\u00fcr Suchtfragen<\/a><\/span><\/span>\u00a0(DHS), insbesondere die Seite\u00a0<span style=\"text-decoration: underline;\"><span style=\"color: #0000ff;\"><a style=\"color: #0000ff; text-decoration: underline;\" title=\"https:\/\/www.sucht-am-arbeitsplatz.de\/\" href=\"https:\/\/www.sucht-am-arbeitsplatz.de\/\" target=\"_blank\" rel=\"noopener\" data-cke-saved-href=\"https:\/\/www.sucht-am-arbeitsplatz.de\/\" data-interception=\"off\">&#8222;Sucht am Arbeitsplatz&#8220;<\/a><\/span><\/span>\u00a0und die Brosch\u00fcre\u00a0<span style=\"text-decoration: underline;\"><span style=\"color: #0000ff;\"><a style=\"color: #0000ff; text-decoration: underline;\" title=\"https:\/\/www.dhs.de\/fileadmin\/user_upload\/pdf\/Broschueren\/Suchtprobleme_am_Arbeitsplatz.pdf\" href=\"https:\/\/www.dhs.de\/fileadmin\/user_upload\/pdf\/Broschueren\/Suchtprobleme_am_Arbeitsplatz.pdf\" target=\"_blank\" rel=\"noopener\" data-cke-saved-href=\"https:\/\/www.dhs.de\/fileadmin\/user_upload\/pdf\/Broschueren\/Suchtprobleme_am_Arbeitsplatz.pdf\" data-interception=\"off\">&#8222;Suchtprobleme am Arbeitsplatz &#8211; Eine Praxishilfe f\u00fcr Personalverantwortliche&#8220;<\/a><\/span><\/span>. Wir beraten nat\u00fcrlich ganz individuell Betroffene und Vorgesetzte. Au\u00dferdem f\u00fchren wir auch Schulungen, Informationsveranstaltungen und Unterweisungen durch, die f\u00fcr den Einzelfall angepasst werden\u00a0\u00a0<\/p><p>\u2013 zu <strong>allen weiteren Themen, die die Gesundheit am Arbeitsplatz betreffen<\/strong>, z.B. Arbeitsschutz, einschl. der Beratung zu dem Thema\u00a0Pers\u00f6nliche Schutzausr\u00fcstung (PSA)<\/p><p>\u2013 Unterst\u00fctzung bei der Entwicklung und Etablierung von Ma\u00dfnahmen zum\u00a0<strong>Betrieblichen\u00a0Gesundheitsmanagement<\/strong>\u00a0und der\u00a0Betrieblichen Gesundheitsf\u00f6rderung<\/p>\t\t\t\t\t\t\t\t<\/div>\n\t\t\t\t<\/div>\n\t\t\t\t\t<\/div>\n\t\t<\/div>\n\t\t\t\t\t<\/div>\n\t\t<\/section>\n\t\t\t\t<\/div>\n\t\t","protected":false},"excerpt":{"rendered":"<p>Beratung und Unterst\u00fctzung, BGM\/BGF Beratung, Unterweisung und\u00a0Unterst\u00fctzung \u2013 bei der Beurteilung von\u00a0k\u00f6rperlichen und psychischen\u00a0Belastungen\u00a0im Betrieb,\u00a0bei der Erstellung und Aktualisierung der\u00a0Gef\u00e4hrdungsbeurteilung \u2013\u00a0 bei der ergonomischen Gestaltung und Planung von Arbeitspl\u00e4tzen und -verfahren, (DGUV Information 208-062 &#8211; Mensch und Arbeitsplatz &#8211; Auswahl und Einsatz von Exoskeletten, AWMF-Leitlinie \u201cEinsatz von Exoskeletten im beruflichen Kontext zur Prim\u00e4r-, Sekund\u00e4r-, und [&hellip;]<\/p>\n","protected":false},"author":19,"featured_media":0,"parent":0,"menu_order":0,"comment_status":"closed","ping_status":"closed","template":"","meta":{"site-sidebar-layout":"no-sidebar","site-content-layout":"page-builder","ast-site-content-layout":"default","site-content-style":"default","site-sidebar-style":"default","ast-global-header-display":"","ast-banner-title-visibility":"","ast-main-header-display":"","ast-hfb-above-header-display":"","ast-hfb-below-header-display":"","ast-hfb-mobile-header-display":"","site-post-title":"disabled","ast-breadcrumbs-content":"","ast-featured-img":"disabled","footer-sml-layout":"","ast-disable-related-posts":"","theme-transparent-header-meta":"","adv-header-id-meta":"","stick-header-meta":"","header-above-stick-meta":"","header-main-stick-meta":"","header-below-stick-meta":"","astra-migrate-meta-layouts":"default","ast-page-background-enabled":"default","ast-page-background-meta":{"desktop":{"background-color":"var(--ast-global-color-4)","background-image":"","background-repeat":"repeat","background-position":"center center","background-size":"auto","background-attachment":"scroll","background-type":"","background-media":"","overlay-type":"","overlay-color":"","overlay-opacity":"","overlay-gradient":""},"tablet":{"background-color":"","background-image":"","background-repeat":"repeat","background-position":"center center","background-size":"auto","background-attachment":"scroll","background-type":"","background-media":"","overlay-type":"","overlay-color":"","overlay-opacity":"","overlay-gradient":""},"mobile":{"background-color":"","background-image":"","background-repeat":"repeat","background-position":"center center","background-size":"auto","background-attachment":"scroll","background-type":"","background-media":"","overlay-type":"","overlay-color":"","overlay-opacity":"","overlay-gradient":""}},"ast-content-background-meta":{"desktop":{"background-color":"var(--ast-global-color-5)","background-image":"","background-repeat":"repeat","background-position":"center center","background-size":"auto","background-attachment":"scroll","background-type":"","background-media":"","overlay-type":"","overlay-color":"","overlay-opacity":"","overlay-gradient":""},"tablet":{"background-color":"var(--ast-global-color-5)","background-image":"","background-repeat":"repeat","background-position":"center center","background-size":"auto","background-attachment":"scroll","background-type":"","background-media":"","overlay-type":"","overlay-color":"","overlay-opacity":"","overlay-gradient":""},"mobile":{"background-color":"var(--ast-global-color-5)","background-image":"","background-repeat":"repeat","background-position":"center center","background-size":"auto","background-attachment":"scroll","background-type":"","background-media":"","overlay-type":"","overlay-color":"","overlay-opacity":"","overlay-gradient":""}},"_themeisle_gutenberg_block_has_review":false,"footnotes":""},"categories":[],"wmf_post_category":[],"class_list":["post-9004111222815957","page","type-page","status-publish","hentry"],"yoast_head":"<!-- This site is optimized with the Yoast SEO plugin v27.3 - https:\/\/yoast.com\/product\/yoast-seo-wordpress\/ -->\n<title>Beratung und Unterst\u00fctzung, BGM\/BGF |<\/title>\n<meta name=\"robots\" content=\"index, follow, max-snippet:-1, max-image-preview:large, max-video-preview:-1\" \/>\n<link rel=\"canonical\" href=\"https:\/\/aboutwmf.com\/de\/beratung-und-unterstuetzung-bgm-bgf\/\" \/>\n<meta property=\"og:locale\" content=\"de_DE\" \/>\n<meta property=\"og:type\" content=\"article\" \/>\n<meta property=\"og:title\" content=\"Beratung und Unterst\u00fctzung, BGM\/BGF |\" \/>\n<meta property=\"og:description\" content=\"Beratung und Unterst\u00fctzung, BGM\/BGF Beratung, Unterweisung und\u00a0Unterst\u00fctzung \u2013 bei der Beurteilung von\u00a0k\u00f6rperlichen und psychischen\u00a0Belastungen\u00a0im Betrieb,\u00a0bei der Erstellung und Aktualisierung der\u00a0Gef\u00e4hrdungsbeurteilung \u2013\u00a0 bei der ergonomischen Gestaltung und Planung von Arbeitspl\u00e4tzen und -verfahren, (DGUV Information 208-062 &#8211; Mensch und Arbeitsplatz &#8211; Auswahl und Einsatz von Exoskeletten, AWMF-Leitlinie \u201cEinsatz von Exoskeletten im beruflichen Kontext zur Prim\u00e4r-, Sekund\u00e4r-, und [&hellip;]\" \/>\n<meta property=\"og:url\" content=\"https:\/\/aboutwmf.com\/de\/beratung-und-unterstuetzung-bgm-bgf\/\" \/>\n<meta property=\"article:modified_time\" content=\"2025-11-12T12:36:29+00:00\" \/>\n<meta name=\"twitter:card\" content=\"summary_large_image\" \/>\n<script type=\"application\/ld+json\" class=\"yoast-schema-graph\">{\"@context\":\"https:\\\/\\\/schema.org\",\"@graph\":[{\"@type\":\"WebPage\",\"@id\":\"https:\\\/\\\/aboutwmf.com\\\/de\\\/beratung-und-unterstuetzung-bgm-bgf\\\/\",\"url\":\"https:\\\/\\\/aboutwmf.com\\\/de\\\/beratung-und-unterstuetzung-bgm-bgf\\\/\",\"name\":\"Beratung und Unterst\u00fctzung, BGM\\\/BGF |\",\"isPartOf\":{\"@id\":\"https:\\\/\\\/aboutwmf.com\\\/de\\\/#website\"},\"datePublished\":\"2023-07-17T14:01:13+00:00\",\"dateModified\":\"2025-11-12T12:36:29+00:00\",\"breadcrumb\":{\"@id\":\"https:\\\/\\\/aboutwmf.com\\\/de\\\/beratung-und-unterstuetzung-bgm-bgf\\\/#breadcrumb\"},\"inLanguage\":\"de\",\"potentialAction\":[{\"@type\":\"ReadAction\",\"target\":[\"https:\\\/\\\/aboutwmf.com\\\/de\\\/beratung-und-unterstuetzung-bgm-bgf\\\/\"]}]},{\"@type\":\"BreadcrumbList\",\"@id\":\"https:\\\/\\\/aboutwmf.com\\\/de\\\/beratung-und-unterstuetzung-bgm-bgf\\\/#breadcrumb\",\"itemListElement\":[{\"@type\":\"ListItem\",\"position\":1,\"name\":\"Startseite\",\"item\":\"https:\\\/\\\/aboutwmf.com\\\/de\\\/\"},{\"@type\":\"ListItem\",\"position\":2,\"name\":\"Beratung und Unterst\u00fctzung, BGM\\\/BGF\"}]},{\"@type\":\"WebSite\",\"@id\":\"https:\\\/\\\/aboutwmf.com\\\/de\\\/#website\",\"url\":\"https:\\\/\\\/aboutwmf.com\\\/de\\\/\",\"name\":\"WMF\",\"description\":\"\",\"publisher\":{\"@id\":\"https:\\\/\\\/aboutwmf.com\\\/de\\\/#organization\"},\"potentialAction\":[{\"@type\":\"SearchAction\",\"target\":{\"@type\":\"EntryPoint\",\"urlTemplate\":\"https:\\\/\\\/aboutwmf.com\\\/de\\\/?s={search_term_string}\"},\"query-input\":{\"@type\":\"PropertyValueSpecification\",\"valueRequired\":true,\"valueName\":\"search_term_string\"}}],\"inLanguage\":\"de\"},{\"@type\":\"Organization\",\"@id\":\"https:\\\/\\\/aboutwmf.com\\\/de\\\/#organization\",\"name\":\"WMF GmbH\",\"url\":\"https:\\\/\\\/aboutwmf.com\\\/de\\\/\",\"logo\":{\"@type\":\"ImageObject\",\"inLanguage\":\"de\",\"@id\":\"https:\\\/\\\/aboutwmf.com\\\/de\\\/#\\\/schema\\\/logo\\\/image\\\/\",\"url\":\"https:\\\/\\\/aboutwmf.com\\\/wp-content\\\/uploads\\\/2021\\\/07\\\/Logo_Black.svg\",\"contentUrl\":\"https:\\\/\\\/aboutwmf.com\\\/wp-content\\\/uploads\\\/2021\\\/07\\\/Logo_Black.svg\",\"width\":165,\"height\":51,\"caption\":\"WMF GmbH\"},\"image\":{\"@id\":\"https:\\\/\\\/aboutwmf.com\\\/de\\\/#\\\/schema\\\/logo\\\/image\\\/\"}}]}<\/script>\n<!-- \/ Yoast SEO plugin. -->","yoast_head_json":{"title":"Beratung und Unterst\u00fctzung, BGM\/BGF |","robots":{"index":"index","follow":"follow","max-snippet":"max-snippet:-1","max-image-preview":"max-image-preview:large","max-video-preview":"max-video-preview:-1"},"canonical":"https:\/\/aboutwmf.com\/de\/beratung-und-unterstuetzung-bgm-bgf\/","og_locale":"de_DE","og_type":"article","og_title":"Beratung und Unterst\u00fctzung, BGM\/BGF |","og_description":"Beratung und Unterst\u00fctzung, BGM\/BGF Beratung, Unterweisung und\u00a0Unterst\u00fctzung \u2013 bei der Beurteilung von\u00a0k\u00f6rperlichen und psychischen\u00a0Belastungen\u00a0im Betrieb,\u00a0bei der Erstellung und Aktualisierung der\u00a0Gef\u00e4hrdungsbeurteilung \u2013\u00a0 bei der ergonomischen Gestaltung und Planung von Arbeitspl\u00e4tzen und -verfahren, (DGUV Information 208-062 &#8211; Mensch und Arbeitsplatz &#8211; Auswahl und Einsatz von Exoskeletten, AWMF-Leitlinie \u201cEinsatz von Exoskeletten im beruflichen Kontext zur Prim\u00e4r-, Sekund\u00e4r-, und [&hellip;]","og_url":"https:\/\/aboutwmf.com\/de\/beratung-und-unterstuetzung-bgm-bgf\/","article_modified_time":"2025-11-12T12:36:29+00:00","twitter_card":"summary_large_image","schema":{"@context":"https:\/\/schema.org","@graph":[{"@type":"WebPage","@id":"https:\/\/aboutwmf.com\/de\/beratung-und-unterstuetzung-bgm-bgf\/","url":"https:\/\/aboutwmf.com\/de\/beratung-und-unterstuetzung-bgm-bgf\/","name":"Beratung und Unterst\u00fctzung, BGM\/BGF |","isPartOf":{"@id":"https:\/\/aboutwmf.com\/de\/#website"},"datePublished":"2023-07-17T14:01:13+00:00","dateModified":"2025-11-12T12:36:29+00:00","breadcrumb":{"@id":"https:\/\/aboutwmf.com\/de\/beratung-und-unterstuetzung-bgm-bgf\/#breadcrumb"},"inLanguage":"de","potentialAction":[{"@type":"ReadAction","target":["https:\/\/aboutwmf.com\/de\/beratung-und-unterstuetzung-bgm-bgf\/"]}]},{"@type":"BreadcrumbList","@id":"https:\/\/aboutwmf.com\/de\/beratung-und-unterstuetzung-bgm-bgf\/#breadcrumb","itemListElement":[{"@type":"ListItem","position":1,"name":"Startseite","item":"https:\/\/aboutwmf.com\/de\/"},{"@type":"ListItem","position":2,"name":"Beratung und Unterst\u00fctzung, BGM\/BGF"}]},{"@type":"WebSite","@id":"https:\/\/aboutwmf.com\/de\/#website","url":"https:\/\/aboutwmf.com\/de\/","name":"WMF","description":"","publisher":{"@id":"https:\/\/aboutwmf.com\/de\/#organization"},"potentialAction":[{"@type":"SearchAction","target":{"@type":"EntryPoint","urlTemplate":"https:\/\/aboutwmf.com\/de\/?s={search_term_string}"},"query-input":{"@type":"PropertyValueSpecification","valueRequired":true,"valueName":"search_term_string"}}],"inLanguage":"de"},{"@type":"Organization","@id":"https:\/\/aboutwmf.com\/de\/#organization","name":"WMF GmbH","url":"https:\/\/aboutwmf.com\/de\/","logo":{"@type":"ImageObject","inLanguage":"de","@id":"https:\/\/aboutwmf.com\/de\/#\/schema\/logo\/image\/","url":"https:\/\/aboutwmf.com\/wp-content\/uploads\/2021\/07\/Logo_Black.svg","contentUrl":"https:\/\/aboutwmf.com\/wp-content\/uploads\/2021\/07\/Logo_Black.svg","width":165,"height":51,"caption":"WMF GmbH"},"image":{"@id":"https:\/\/aboutwmf.com\/de\/#\/schema\/logo\/image\/"}}]}},"_links":{"self":[{"href":"https:\/\/aboutwmf.com\/de\/wp-json\/wp\/v2\/pages\/9004111222815957","targetHints":{"allow":["GET"]}}],"collection":[{"href":"https:\/\/aboutwmf.com\/de\/wp-json\/wp\/v2\/pages"}],"about":[{"href":"https:\/\/aboutwmf.com\/de\/wp-json\/wp\/v2\/types\/page"}],"author":[{"embeddable":true,"href":"https:\/\/aboutwmf.com\/de\/wp-json\/wp\/v2\/users\/19"}],"replies":[{"embeddable":true,"href":"https:\/\/aboutwmf.com\/de\/wp-json\/wp\/v2\/comments?post=9004111222815957"}],"version-history":[{"count":18,"href":"https:\/\/aboutwmf.com\/de\/wp-json\/wp\/v2\/pages\/9004111222815957\/revisions"}],"predecessor-version":[{"id":9004111222825290,"href":"https:\/\/aboutwmf.com\/de\/wp-json\/wp\/v2\/pages\/9004111222815957\/revisions\/9004111222825290"}],"wp:attachment":[{"href":"https:\/\/aboutwmf.com\/de\/wp-json\/wp\/v2\/media?parent=9004111222815957"}],"wp:term":[{"taxonomy":"category","embeddable":true,"href":"https:\/\/aboutwmf.com\/de\/wp-json\/wp\/v2\/categories?post=9004111222815957"},{"taxonomy":"wmf_post_category","embeddable":true,"href":"https:\/\/aboutwmf.com\/de\/wp-json\/wp\/v2\/wmf_post_category?post=9004111222815957"}],"curies":[{"name":"wp","href":"https:\/\/api.w.org\/{rel}","templated":true}]}}