{"id":9004111222815985,"date":"2023-07-17T16:31:02","date_gmt":"2023-07-17T14:31:02","guid":{"rendered":"https:\/\/aboutwmf.com\/?page_id=9004111222815985"},"modified":"2026-02-05T11:56:54","modified_gmt":"2026-02-05T10:56:54","slug":"fahrerlaubnisverordnung","status":"publish","type":"page","link":"https:\/\/aboutwmf.com\/de\/fahrerlaubnisverordnung\/","title":{"rendered":"Fahrerlaubnisverordnung"},"content":{"rendered":"\t\t<div data-elementor-type=\"wp-page\" data-elementor-id=\"9004111222815985\" class=\"elementor elementor-9004111222815985\" data-elementor-settings=\"{&quot;element_pack_global_tooltip_width&quot;:{&quot;unit&quot;:&quot;px&quot;,&quot;size&quot;:&quot;&quot;,&quot;sizes&quot;:[]},&quot;element_pack_global_tooltip_width_tablet&quot;:{&quot;unit&quot;:&quot;px&quot;,&quot;size&quot;:&quot;&quot;,&quot;sizes&quot;:[]},&quot;element_pack_global_tooltip_width_mobile&quot;:{&quot;unit&quot;:&quot;px&quot;,&quot;size&quot;:&quot;&quot;,&quot;sizes&quot;:[]},&quot;element_pack_global_tooltip_padding&quot;:{&quot;unit&quot;:&quot;px&quot;,&quot;top&quot;:&quot;&quot;,&quot;right&quot;:&quot;&quot;,&quot;bottom&quot;:&quot;&quot;,&quot;left&quot;:&quot;&quot;,&quot;isLinked&quot;:true},&quot;element_pack_global_tooltip_padding_tablet&quot;:{&quot;unit&quot;:&quot;px&quot;,&quot;top&quot;:&quot;&quot;,&quot;right&quot;:&quot;&quot;,&quot;bottom&quot;:&quot;&quot;,&quot;left&quot;:&quot;&quot;,&quot;isLinked&quot;:true},&quot;element_pack_global_tooltip_padding_mobile&quot;:{&quot;unit&quot;:&quot;px&quot;,&quot;top&quot;:&quot;&quot;,&quot;right&quot;:&quot;&quot;,&quot;bottom&quot;:&quot;&quot;,&quot;left&quot;:&quot;&quot;,&quot;isLinked&quot;:true},&quot;element_pack_global_tooltip_border_radius&quot;:{&quot;unit&quot;:&quot;px&quot;,&quot;top&quot;:&quot;&quot;,&quot;right&quot;:&quot;&quot;,&quot;bottom&quot;:&quot;&quot;,&quot;left&quot;:&quot;&quot;,&quot;isLinked&quot;:true},&quot;element_pack_global_tooltip_border_radius_tablet&quot;:{&quot;unit&quot;:&quot;px&quot;,&quot;top&quot;:&quot;&quot;,&quot;right&quot;:&quot;&quot;,&quot;bottom&quot;:&quot;&quot;,&quot;left&quot;:&quot;&quot;,&quot;isLinked&quot;:true},&quot;element_pack_global_tooltip_border_radius_mobile&quot;:{&quot;unit&quot;:&quot;px&quot;,&quot;top&quot;:&quot;&quot;,&quot;right&quot;:&quot;&quot;,&quot;bottom&quot;:&quot;&quot;,&quot;left&quot;:&quot;&quot;,&quot;isLinked&quot;:true}}\" data-elementor-post-type=\"page\">\n\t\t\t\t\t\t<section class=\"elementor-section elementor-top-section elementor-element elementor-element-b4ef31b elementor-section-boxed elementor-section-height-default elementor-section-height-default\" data-id=\"b4ef31b\" data-element_type=\"section\" data-e-type=\"section\">\n\t\t\t\t\t\t<div class=\"elementor-container elementor-column-gap-default\">\n\t\t\t\t\t<div class=\"elementor-column elementor-col-100 elementor-top-column elementor-element elementor-element-c6c9bf3\" data-id=\"c6c9bf3\" data-element_type=\"column\" data-e-type=\"column\">\n\t\t\t<div class=\"elementor-widget-wrap elementor-element-populated\">\n\t\t\t\t\t\t<div class=\"elementor-element elementor-element-8f0c461 elementor-widget elementor-widget-heading\" data-id=\"8f0c461\" data-element_type=\"widget\" data-e-type=\"widget\" data-widget_type=\"heading.default\">\n\t\t\t\t<div class=\"elementor-widget-container\">\n\t\t\t\t\t<h1 class=\"elementor-heading-title elementor-size-default\">Fahrerlaubnisverordnung<\/h1>\t\t\t\t<\/div>\n\t\t\t\t<\/div>\n\t\t\t\t\t<\/div>\n\t\t<\/div>\n\t\t\t\t\t<\/div>\n\t\t<\/section>\n\t\t\t\t<section class=\"elementor-section elementor-top-section elementor-element elementor-element-e654bd0 elementor-section-boxed elementor-section-height-default elementor-section-height-default\" data-id=\"e654bd0\" data-element_type=\"section\" data-e-type=\"section\">\n\t\t\t\t\t\t<div class=\"elementor-container elementor-column-gap-default\">\n\t\t\t\t\t<div class=\"elementor-column elementor-col-100 elementor-top-column elementor-element elementor-element-8a9bc88\" data-id=\"8a9bc88\" data-element_type=\"column\" data-e-type=\"column\">\n\t\t\t<div class=\"elementor-widget-wrap elementor-element-populated\">\n\t\t\t\t\t\t<div class=\"elementor-element elementor-element-39d7476 elementor-widget elementor-widget-text-editor\" data-id=\"39d7476\" data-element_type=\"widget\" data-e-type=\"widget\" data-widget_type=\"text-editor.default\">\n\t\t\t\t<div class=\"elementor-widget-container\">\n\t\t\t\t\t\t\t\t\t<p>\u2013 nach der Fahrerlaubnisverordnung (<span style=\"text-decoration: underline;\"><span style=\"color: #0000ff;\"><a style=\"color: #0000ff; text-decoration: underline;\" href=\"https:\/\/www.gesetze-im-internet.de\/fev_2010\/\" data-cke-saved-href=\"https:\/\/www.gesetze-im-internet.de\/fev_2010\/\">FEV<\/a><\/span><\/span>),\u00a0<span style=\"text-decoration: underline;\"><span style=\"color: #0000ff;\"><a style=\"color: #0000ff; text-decoration: underline;\" href=\"https:\/\/ainbw3-app.steadforce.com\/verkehrsmedizinsuche\/index.html\" target=\"_blank\" rel=\"noopener\" data-cke-saved-href=\"https:\/\/www.aerztekammer-bw.de\/verkehrsmedizinsuche\/\">\u00c4rzte mit verkehrsmedizinischer Qualifikation nach \u00a7 11 (2) FeV<\/a><\/span><\/span><\/p><p>\u2013 <span style=\"text-decoration: underline;\"><span style=\"color: #0000ff;\"><a style=\"color: #0000ff; text-decoration: underline;\" href=\"https:\/\/bast.opus.hbz-nrw.de\/frontdoor\/deliver\/index\/docId\/2664\/file\/Begutachtungsleitlinien+2022.pdf\" target=\"_blank\" rel=\"noopener\" data-cke-saved-href=\"https:\/\/bast.opus.hbz-nrw.de\/opus45-bast\/frontdoor\/deliver\/index\/docId\/2664\/file\/Begutachtungsleitlinien+2022.pdf\">Begutachtungsleitlinien zur Kraftfahreignung<\/a><\/span><\/span>\u00a0der Bundesanstalt f\u00fcr Stra\u00dfenwesen basierend auf der Europ\u00e4ischen F\u00fchrerscheinrichtlinie und der Fahrerlaubnisverordnung (FeV)<\/p><p>\u2013 <span style=\"text-decoration: underline;\"><span style=\"color: #0000ff;\"><a style=\"color: #0000ff; text-decoration: underline;\" href=\"https:\/\/dog.org\/wp-content\/uploads\/sites\/11\/2019\/03\/DOG-BVA_Fahreignungsbegutachtung_2019_web.pdf\" target=\"_blank\" rel=\"noopener\" data-cke-saved-href=\"https:\/\/www.dog.org\/wp-content\/uploads\/2019\/03\/DOG-BVA_Fahreignungsbegutachtung_2019_web.pdf\">Anleitung f\u00fcr die augen\u00e4rztliche Untersuchung und Beurteilung f\u00fcr die Eignung zum F\u00fchren von Kraftfahrzeugen<\/a><\/span><\/span>\u00a0(Empfehlung der DOG und des BVA)<\/p><p>\u2013 <span style=\"text-decoration: underline;\"><span style=\"color: #0000ff;\"><a style=\"color: #0000ff; text-decoration: underline;\" href=\"https:\/\/www.dog.org\/aerzteschaft\/stellungnahmen-und-empfehlungen\" target=\"_blank\" rel=\"noopener\">weitere Leitlinien, Stellungnahmen und Empfehlungen der DOG<\/a><\/span><\/span><\/p><p>\u2013 <span style=\"text-decoration: underline; color: #0000ff;\"><a style=\"color: #0000ff; text-decoration: underline;\" href=\"https:\/\/register.awmf.org\/assets\/guidelines\/057-026l_S2e_Diabetes-und-Strassenverkehr_2025-11.pdf\" target=\"_blank\" rel=\"noopener\" data-cke-saved-href=\"https:\/\/www.awmf.org\/uploads\/tx_szleitlinien\/057-026l_S3_Diabetes-und-Stra%C3%9Fenverkehr_2017-12.pdf\">Diabetes und Stra\u00dfenverkehr<\/a><\/span><\/p><p>\u2013\u00a0<span style=\"text-decoration: underline;\"><span style=\"color: #0000ff; text-decoration: underline;\"><a style=\"color: #0000ff; text-decoration: underline;\" href=\"https:\/\/leitlinien.dgk.org\/files\/14_2023_pocket_leitlinien_fahreignung.pdf\" target=\"_blank\" rel=\"noopener\">Fahreignung bei kardiovaskul\u00e4ren Erkrankungen<\/a><\/span><\/span><\/p><p>\u2013 <span style=\"text-decoration: underline;\"><span style=\"color: #0000ff; text-decoration: underline;\"><a style=\"color: #0000ff; text-decoration: underline;\" href=\"https:\/\/www.dgnr.de\/images\/pdf\/181109_Positionspapier_Fahreignung_bei_Hirngefaesserkrankungen.pdf\" target=\"_blank\" rel=\"noopener\">Fahreignung bei Hirngef\u00e4\u00dferkrankungen<\/a><\/span><\/span><\/p>\t\t\t\t\t\t\t\t<\/div>\n\t\t\t\t<\/div>\n\t\t\t\t\t<\/div>\n\t\t<\/div>\n\t\t\t\t\t<\/div>\n\t\t<\/section>\n\t\t\t\t<\/div>\n\t\t","protected":false},"excerpt":{"rendered":"<p>Fahrerlaubnisverordnung \u2013 nach der Fahrerlaubnisverordnung (FEV),\u00a0\u00c4rzte mit verkehrsmedizinischer Qualifikation nach \u00a7 11 (2) FeV \u2013 Begutachtungsleitlinien zur Kraftfahreignung\u00a0der Bundesanstalt f\u00fcr Stra\u00dfenwesen basierend auf der Europ\u00e4ischen F\u00fchrerscheinrichtlinie und der Fahrerlaubnisverordnung (FeV) \u2013 Anleitung f\u00fcr die augen\u00e4rztliche Untersuchung und Beurteilung f\u00fcr die Eignung zum F\u00fchren von Kraftfahrzeugen\u00a0(Empfehlung der DOG und des BVA) \u2013 weitere Leitlinien, Stellungnahmen und [&hellip;]<\/p>\n","protected":false},"author":19,"featured_media":0,"parent":0,"menu_order":0,"comment_status":"closed","ping_status":"closed","template":"","meta":{"site-sidebar-layout":"no-sidebar","site-content-layout":"page-builder","ast-site-content-layout":"default","site-content-style":"default","site-sidebar-style":"default","ast-global-header-display":"","ast-banner-title-visibility":"","ast-main-header-display":"","ast-hfb-above-header-display":"","ast-hfb-below-header-display":"","ast-hfb-mobile-header-display":"","site-post-title":"disabled","ast-breadcrumbs-content":"","ast-featured-img":"disabled","footer-sml-layout":"","ast-disable-related-posts":"","theme-transparent-header-meta":"","adv-header-id-meta":"","stick-header-meta":"","header-above-stick-meta":"","header-main-stick-meta":"","header-below-stick-meta":"","astra-migrate-meta-layouts":"default","ast-page-background-enabled":"default","ast-page-background-meta":{"desktop":{"background-color":"var(--ast-global-color-4)","background-image":"","background-repeat":"repeat","background-position":"center center","background-size":"auto","background-attachment":"scroll","background-type":"","background-media":"","overlay-type":"","overlay-color":"","overlay-opacity":"","overlay-gradient":""},"tablet":{"background-color":"","background-image":"","background-repeat":"repeat","background-position":"center center","background-size":"auto","background-attachment":"scroll","background-type":"","background-media":"","overlay-type":"","overlay-color":"","overlay-opacity":"","overlay-gradient":""},"mobile":{"background-color":"","background-image":"","background-repeat":"repeat","background-position":"center center","background-size":"auto","background-attachment":"scroll","background-type":"","background-media":"","overlay-type":"","overlay-color":"","overlay-opacity":"","overlay-gradient":""}},"ast-content-background-meta":{"desktop":{"background-color":"var(--ast-global-color-5)","background-image":"","background-repeat":"repeat","background-position":"center center","background-size":"auto","background-attachment":"scroll","background-type":"","background-media":"","overlay-type":"","overlay-color":"","overlay-opacity":"","overlay-gradient":""},"tablet":{"background-color":"var(--ast-global-color-5)","background-image":"","background-repeat":"repeat","background-position":"center center","background-size":"auto","background-attachment":"scroll","background-type":"","background-media":"","overlay-type":"","overlay-color":"","overlay-opacity":"","overlay-gradient":""},"mobile":{"background-color":"var(--ast-global-color-5)","background-image":"","background-repeat":"repeat","background-position":"center center","background-size":"auto","background-attachment":"scroll","background-type":"","background-media":"","overlay-type":"","overlay-color":"","overlay-opacity":"","overlay-gradient":""}},"_themeisle_gutenberg_block_has_review":false,"footnotes":""},"categories":[],"wmf_post_category":[],"class_list":["post-9004111222815985","page","type-page","status-publish","hentry"],"yoast_head":"<!-- This site is optimized with the Yoast SEO plugin v27.3 - https:\/\/yoast.com\/product\/yoast-seo-wordpress\/ -->\n<title>Fahrerlaubnisverordnung |<\/title>\n<meta name=\"robots\" content=\"index, follow, max-snippet:-1, max-image-preview:large, max-video-preview:-1\" \/>\n<link rel=\"canonical\" href=\"https:\/\/aboutwmf.com\/de\/fahrerlaubnisverordnung\/\" \/>\n<meta property=\"og:locale\" content=\"de_DE\" \/>\n<meta property=\"og:type\" content=\"article\" \/>\n<meta property=\"og:title\" content=\"Fahrerlaubnisverordnung |\" \/>\n<meta property=\"og:description\" content=\"Fahrerlaubnisverordnung \u2013 nach der Fahrerlaubnisverordnung (FEV),\u00a0\u00c4rzte mit verkehrsmedizinischer Qualifikation nach \u00a7 11 (2) FeV \u2013 Begutachtungsleitlinien zur Kraftfahreignung\u00a0der Bundesanstalt f\u00fcr Stra\u00dfenwesen basierend auf der Europ\u00e4ischen F\u00fchrerscheinrichtlinie und der Fahrerlaubnisverordnung (FeV) \u2013 Anleitung f\u00fcr die augen\u00e4rztliche Untersuchung und Beurteilung f\u00fcr die Eignung zum F\u00fchren von Kraftfahrzeugen\u00a0(Empfehlung der DOG und des BVA) \u2013 weitere Leitlinien, Stellungnahmen und [&hellip;]\" \/>\n<meta property=\"og:url\" content=\"https:\/\/aboutwmf.com\/de\/fahrerlaubnisverordnung\/\" \/>\n<meta property=\"article:modified_time\" content=\"2026-02-05T10:56:54+00:00\" \/>\n<meta name=\"twitter:card\" content=\"summary_large_image\" \/>\n<script type=\"application\/ld+json\" class=\"yoast-schema-graph\">{\"@context\":\"https:\\\/\\\/schema.org\",\"@graph\":[{\"@type\":\"WebPage\",\"@id\":\"https:\\\/\\\/aboutwmf.com\\\/de\\\/fahrerlaubnisverordnung\\\/\",\"url\":\"https:\\\/\\\/aboutwmf.com\\\/de\\\/fahrerlaubnisverordnung\\\/\",\"name\":\"Fahrerlaubnisverordnung |\",\"isPartOf\":{\"@id\":\"https:\\\/\\\/aboutwmf.com\\\/de\\\/#website\"},\"datePublished\":\"2023-07-17T14:31:02+00:00\",\"dateModified\":\"2026-02-05T10:56:54+00:00\",\"breadcrumb\":{\"@id\":\"https:\\\/\\\/aboutwmf.com\\\/de\\\/fahrerlaubnisverordnung\\\/#breadcrumb\"},\"inLanguage\":\"de\",\"potentialAction\":[{\"@type\":\"ReadAction\",\"target\":[\"https:\\\/\\\/aboutwmf.com\\\/de\\\/fahrerlaubnisverordnung\\\/\"]}]},{\"@type\":\"BreadcrumbList\",\"@id\":\"https:\\\/\\\/aboutwmf.com\\\/de\\\/fahrerlaubnisverordnung\\\/#breadcrumb\",\"itemListElement\":[{\"@type\":\"ListItem\",\"position\":1,\"name\":\"Startseite\",\"item\":\"https:\\\/\\\/aboutwmf.com\\\/de\\\/\"},{\"@type\":\"ListItem\",\"position\":2,\"name\":\"Fahrerlaubnisverordnung\"}]},{\"@type\":\"WebSite\",\"@id\":\"https:\\\/\\\/aboutwmf.com\\\/de\\\/#website\",\"url\":\"https:\\\/\\\/aboutwmf.com\\\/de\\\/\",\"name\":\"WMF\",\"description\":\"\",\"publisher\":{\"@id\":\"https:\\\/\\\/aboutwmf.com\\\/de\\\/#organization\"},\"potentialAction\":[{\"@type\":\"SearchAction\",\"target\":{\"@type\":\"EntryPoint\",\"urlTemplate\":\"https:\\\/\\\/aboutwmf.com\\\/de\\\/?s={search_term_string}\"},\"query-input\":{\"@type\":\"PropertyValueSpecification\",\"valueRequired\":true,\"valueName\":\"search_term_string\"}}],\"inLanguage\":\"de\"},{\"@type\":\"Organization\",\"@id\":\"https:\\\/\\\/aboutwmf.com\\\/de\\\/#organization\",\"name\":\"WMF GmbH\",\"url\":\"https:\\\/\\\/aboutwmf.com\\\/de\\\/\",\"logo\":{\"@type\":\"ImageObject\",\"inLanguage\":\"de\",\"@id\":\"https:\\\/\\\/aboutwmf.com\\\/de\\\/#\\\/schema\\\/logo\\\/image\\\/\",\"url\":\"https:\\\/\\\/aboutwmf.com\\\/wp-content\\\/uploads\\\/2021\\\/07\\\/Logo_Black.svg\",\"contentUrl\":\"https:\\\/\\\/aboutwmf.com\\\/wp-content\\\/uploads\\\/2021\\\/07\\\/Logo_Black.svg\",\"width\":165,\"height\":51,\"caption\":\"WMF GmbH\"},\"image\":{\"@id\":\"https:\\\/\\\/aboutwmf.com\\\/de\\\/#\\\/schema\\\/logo\\\/image\\\/\"}}]}<\/script>\n<!-- \/ Yoast SEO plugin. -->","yoast_head_json":{"title":"Fahrerlaubnisverordnung |","robots":{"index":"index","follow":"follow","max-snippet":"max-snippet:-1","max-image-preview":"max-image-preview:large","max-video-preview":"max-video-preview:-1"},"canonical":"https:\/\/aboutwmf.com\/de\/fahrerlaubnisverordnung\/","og_locale":"de_DE","og_type":"article","og_title":"Fahrerlaubnisverordnung |","og_description":"Fahrerlaubnisverordnung \u2013 nach der Fahrerlaubnisverordnung (FEV),\u00a0\u00c4rzte mit verkehrsmedizinischer Qualifikation nach \u00a7 11 (2) FeV \u2013 Begutachtungsleitlinien zur Kraftfahreignung\u00a0der Bundesanstalt f\u00fcr Stra\u00dfenwesen basierend auf der Europ\u00e4ischen F\u00fchrerscheinrichtlinie und der Fahrerlaubnisverordnung (FeV) \u2013 Anleitung f\u00fcr die augen\u00e4rztliche Untersuchung und Beurteilung f\u00fcr die Eignung zum F\u00fchren von Kraftfahrzeugen\u00a0(Empfehlung der DOG und des BVA) \u2013 weitere Leitlinien, Stellungnahmen und [&hellip;]","og_url":"https:\/\/aboutwmf.com\/de\/fahrerlaubnisverordnung\/","article_modified_time":"2026-02-05T10:56:54+00:00","twitter_card":"summary_large_image","schema":{"@context":"https:\/\/schema.org","@graph":[{"@type":"WebPage","@id":"https:\/\/aboutwmf.com\/de\/fahrerlaubnisverordnung\/","url":"https:\/\/aboutwmf.com\/de\/fahrerlaubnisverordnung\/","name":"Fahrerlaubnisverordnung |","isPartOf":{"@id":"https:\/\/aboutwmf.com\/de\/#website"},"datePublished":"2023-07-17T14:31:02+00:00","dateModified":"2026-02-05T10:56:54+00:00","breadcrumb":{"@id":"https:\/\/aboutwmf.com\/de\/fahrerlaubnisverordnung\/#breadcrumb"},"inLanguage":"de","potentialAction":[{"@type":"ReadAction","target":["https:\/\/aboutwmf.com\/de\/fahrerlaubnisverordnung\/"]}]},{"@type":"BreadcrumbList","@id":"https:\/\/aboutwmf.com\/de\/fahrerlaubnisverordnung\/#breadcrumb","itemListElement":[{"@type":"ListItem","position":1,"name":"Startseite","item":"https:\/\/aboutwmf.com\/de\/"},{"@type":"ListItem","position":2,"name":"Fahrerlaubnisverordnung"}]},{"@type":"WebSite","@id":"https:\/\/aboutwmf.com\/de\/#website","url":"https:\/\/aboutwmf.com\/de\/","name":"WMF","description":"","publisher":{"@id":"https:\/\/aboutwmf.com\/de\/#organization"},"potentialAction":[{"@type":"SearchAction","target":{"@type":"EntryPoint","urlTemplate":"https:\/\/aboutwmf.com\/de\/?s={search_term_string}"},"query-input":{"@type":"PropertyValueSpecification","valueRequired":true,"valueName":"search_term_string"}}],"inLanguage":"de"},{"@type":"Organization","@id":"https:\/\/aboutwmf.com\/de\/#organization","name":"WMF GmbH","url":"https:\/\/aboutwmf.com\/de\/","logo":{"@type":"ImageObject","inLanguage":"de","@id":"https:\/\/aboutwmf.com\/de\/#\/schema\/logo\/image\/","url":"https:\/\/aboutwmf.com\/wp-content\/uploads\/2021\/07\/Logo_Black.svg","contentUrl":"https:\/\/aboutwmf.com\/wp-content\/uploads\/2021\/07\/Logo_Black.svg","width":165,"height":51,"caption":"WMF GmbH"},"image":{"@id":"https:\/\/aboutwmf.com\/de\/#\/schema\/logo\/image\/"}}]}},"_links":{"self":[{"href":"https:\/\/aboutwmf.com\/de\/wp-json\/wp\/v2\/pages\/9004111222815985","targetHints":{"allow":["GET"]}}],"collection":[{"href":"https:\/\/aboutwmf.com\/de\/wp-json\/wp\/v2\/pages"}],"about":[{"href":"https:\/\/aboutwmf.com\/de\/wp-json\/wp\/v2\/types\/page"}],"author":[{"embeddable":true,"href":"https:\/\/aboutwmf.com\/de\/wp-json\/wp\/v2\/users\/19"}],"replies":[{"embeddable":true,"href":"https:\/\/aboutwmf.com\/de\/wp-json\/wp\/v2\/comments?post=9004111222815985"}],"version-history":[{"count":12,"href":"https:\/\/aboutwmf.com\/de\/wp-json\/wp\/v2\/pages\/9004111222815985\/revisions"}],"predecessor-version":[{"id":9004111222825764,"href":"https:\/\/aboutwmf.com\/de\/wp-json\/wp\/v2\/pages\/9004111222815985\/revisions\/9004111222825764"}],"wp:attachment":[{"href":"https:\/\/aboutwmf.com\/de\/wp-json\/wp\/v2\/media?parent=9004111222815985"}],"wp:term":[{"taxonomy":"category","embeddable":true,"href":"https:\/\/aboutwmf.com\/de\/wp-json\/wp\/v2\/categories?post=9004111222815985"},{"taxonomy":"wmf_post_category","embeddable":true,"href":"https:\/\/aboutwmf.com\/de\/wp-json\/wp\/v2\/wmf_post_category?post=9004111222815985"}],"curies":[{"name":"wp","href":"https:\/\/api.w.org\/{rel}","templated":true}]}}