{"id":9004111222816060,"date":"2023-07-18T13:45:27","date_gmt":"2023-07-18T11:45:27","guid":{"rendered":"https:\/\/aboutwmf.com\/?page_id=9004111222816060"},"modified":"2026-02-13T12:49:08","modified_gmt":"2026-02-13T11:49:08","slug":"gestaltung-von-bildschirmarbeitsplaetzen","status":"publish","type":"page","link":"https:\/\/aboutwmf.com\/de\/gestaltung-von-bildschirmarbeitsplaetzen\/","title":{"rendered":"Gestaltung von Bildschirmarbeitspl\u00e4tzen, Bildschirmbrillen, Mobile Arbeit"},"content":{"rendered":"\t\t<div data-elementor-type=\"wp-page\" data-elementor-id=\"9004111222816060\" class=\"elementor elementor-9004111222816060\" data-elementor-settings=\"{&quot;element_pack_global_tooltip_width&quot;:{&quot;unit&quot;:&quot;px&quot;,&quot;size&quot;:&quot;&quot;,&quot;sizes&quot;:[]},&quot;element_pack_global_tooltip_width_tablet&quot;:{&quot;unit&quot;:&quot;px&quot;,&quot;size&quot;:&quot;&quot;,&quot;sizes&quot;:[]},&quot;element_pack_global_tooltip_width_mobile&quot;:{&quot;unit&quot;:&quot;px&quot;,&quot;size&quot;:&quot;&quot;,&quot;sizes&quot;:[]},&quot;element_pack_global_tooltip_padding&quot;:{&quot;unit&quot;:&quot;px&quot;,&quot;top&quot;:&quot;&quot;,&quot;right&quot;:&quot;&quot;,&quot;bottom&quot;:&quot;&quot;,&quot;left&quot;:&quot;&quot;,&quot;isLinked&quot;:true},&quot;element_pack_global_tooltip_padding_tablet&quot;:{&quot;unit&quot;:&quot;px&quot;,&quot;top&quot;:&quot;&quot;,&quot;right&quot;:&quot;&quot;,&quot;bottom&quot;:&quot;&quot;,&quot;left&quot;:&quot;&quot;,&quot;isLinked&quot;:true},&quot;element_pack_global_tooltip_padding_mobile&quot;:{&quot;unit&quot;:&quot;px&quot;,&quot;top&quot;:&quot;&quot;,&quot;right&quot;:&quot;&quot;,&quot;bottom&quot;:&quot;&quot;,&quot;left&quot;:&quot;&quot;,&quot;isLinked&quot;:true},&quot;element_pack_global_tooltip_border_radius&quot;:{&quot;unit&quot;:&quot;px&quot;,&quot;top&quot;:&quot;&quot;,&quot;right&quot;:&quot;&quot;,&quot;bottom&quot;:&quot;&quot;,&quot;left&quot;:&quot;&quot;,&quot;isLinked&quot;:true},&quot;element_pack_global_tooltip_border_radius_tablet&quot;:{&quot;unit&quot;:&quot;px&quot;,&quot;top&quot;:&quot;&quot;,&quot;right&quot;:&quot;&quot;,&quot;bottom&quot;:&quot;&quot;,&quot;left&quot;:&quot;&quot;,&quot;isLinked&quot;:true},&quot;element_pack_global_tooltip_border_radius_mobile&quot;:{&quot;unit&quot;:&quot;px&quot;,&quot;top&quot;:&quot;&quot;,&quot;right&quot;:&quot;&quot;,&quot;bottom&quot;:&quot;&quot;,&quot;left&quot;:&quot;&quot;,&quot;isLinked&quot;:true}}\" data-elementor-post-type=\"page\">\n\t\t\t\t\t\t<section class=\"elementor-section elementor-top-section elementor-element elementor-element-b4ef31b elementor-section-boxed elementor-section-height-default elementor-section-height-default\" data-id=\"b4ef31b\" data-element_type=\"section\" data-e-type=\"section\">\n\t\t\t\t\t\t<div class=\"elementor-container elementor-column-gap-default\">\n\t\t\t\t\t<div class=\"elementor-column elementor-col-100 elementor-top-column elementor-element elementor-element-c6c9bf3\" data-id=\"c6c9bf3\" data-element_type=\"column\" data-e-type=\"column\">\n\t\t\t<div class=\"elementor-widget-wrap elementor-element-populated\">\n\t\t\t\t\t\t<div class=\"elementor-element elementor-element-8f0c461 elementor-widget elementor-widget-heading\" data-id=\"8f0c461\" data-element_type=\"widget\" data-e-type=\"widget\" data-widget_type=\"heading.default\">\n\t\t\t\t<div class=\"elementor-widget-container\">\n\t\t\t\t\t<h1 class=\"elementor-heading-title elementor-size-default\">Gestaltung von Bildschirmarbeitspl\u00e4tzen, Bildschirmbrillen, Mobile Arbeit<\/h1>\t\t\t\t<\/div>\n\t\t\t\t<\/div>\n\t\t\t\t\t<\/div>\n\t\t<\/div>\n\t\t\t\t\t<\/div>\n\t\t<\/section>\n\t\t\t\t<section class=\"elementor-section elementor-top-section elementor-element elementor-element-e654bd0 elementor-section-boxed elementor-section-height-default elementor-section-height-default\" data-id=\"e654bd0\" data-element_type=\"section\" data-e-type=\"section\">\n\t\t\t\t\t\t<div class=\"elementor-container elementor-column-gap-default\">\n\t\t\t\t\t<div class=\"elementor-column elementor-col-100 elementor-top-column elementor-element elementor-element-8a9bc88\" data-id=\"8a9bc88\" data-element_type=\"column\" data-e-type=\"column\">\n\t\t\t<div class=\"elementor-widget-wrap elementor-element-populated\">\n\t\t\t\t\t\t<div class=\"elementor-element elementor-element-39d7476 elementor-widget elementor-widget-text-editor\" data-id=\"39d7476\" data-element_type=\"widget\" data-e-type=\"widget\" data-widget_type=\"text-editor.default\">\n\t\t\t\t<div class=\"elementor-widget-container\">\n\t\t\t\t\t\t\t\t\t<p>\u2013 <span style=\"text-decoration: underline;\"><span style=\"color: #0000ff;\"><a style=\"color: #0000ff; text-decoration: underline;\" href=\"https:\/\/www.baua.de\/DE\/Angebote\/Regelwerk\/ASR\/ASR-A6.html\" target=\"_blank\" rel=\"noopener\">ASR A 6 Bildschirmarbeit<\/a><\/span><\/span><\/p><p>\u2013 Bildschirm- und B\u00fcroarbeitspl\u00e4tze: Leitfaden f\u00fcr die Gestaltung (<span style=\"text-decoration: underline;\"><span style=\"color: #0000ff;\"><a style=\"color: #0000ff; text-decoration: underline;\" href=\"https:\/\/publikationen.dguv.de\/widgets\/pdf\/download\/article\/409\" target=\"_blank\" rel=\"noopener\">DGUV Information 215-410<\/a><\/span><\/span>), <span style=\"text-decoration: underline;\"><span style=\"color: #0000ff; text-decoration: underline;\"><a style=\"color: #0000ff; text-decoration: underline;\" href=\"https:\/\/publikationen.dguv.de\/widgets\/pdf\/download\/article\/3338\" target=\"_blank\" rel=\"noopener\">DGUV Regel 115-401 Branche B\u00fcrobetriebe,<\/a><\/span><\/span><span style=\"color: #0000ff;\">\u00a0<\/span><span style=\"text-decoration: underline;\"><span style=\"color: #0000ff; text-decoration: underline;\"><a href=\"https:\/\/publikationen.dguv.de\/widgets\/pdf\/download\/article\/456\" target=\"_blank\" rel=\"noopener\"><span style=\"color: #0000ff; text-decoration: underline;\">DGUV Information 215-520 Klima im B\u00fcro &#8211; Antworten auf die h\u00e4ufigsten Fragen.<\/span><\/a><\/span><\/span><\/p><p>\u2013 Definition der T\u00e4tigkeiten am Bildschirmarbeitsplatz: <span style=\"text-decoration: underline;\"><span style=\"color: #0000ff; text-decoration: underline;\"><a style=\"color: #0000ff; text-decoration: underline;\" href=\"https:\/\/www.baua.de\/DE\/Angebote\/Regelwerk\/AMR\/AMR-13-4.html\" target=\"_blank\" rel=\"noopener\">AMR Nr. 13.4 T\u00e4tigkeiten an Bildschirmger\u00e4ten<\/a><\/span><\/span><\/p><p>\u2013 Besser sehen und arbeiten am Computer (<span style=\"text-decoration: underline;\"><span style=\"color: #0000ff;\"><a style=\"color: #0000ff; text-decoration: underline;\" href=\"http:\/\/ergonomic-vision.ifado.de\/\" target=\"_blank\" rel=\"noopener\" data-cke-saved-href=\"http:\/\/ergonomic-vision.ifado.de\/\">IfADo Ergonomic Vision<\/a><\/span><\/span>)<\/p><p><strong>\u2013 Bildschirmarbeitsplatzbrille<\/strong>\u00a0<span style=\"text-decoration: underline;\"><span style=\"color: #0000ff; text-decoration: underline;\"><a style=\"color: #0000ff; text-decoration: underline;\" href=\"https:\/\/publikationen.dguv.de\/widgets\/pdf\/download\/article\/409\" target=\"_blank\" rel=\"noopener\" data-cke-saved-href=\"https:\/\/publikationen.dguv.de\/widgets\/pdf\/download\/article\/409\">DGUV Information 215-410 Bildschirm- und B\u00fcroarbeitspl\u00e4tze<\/a><\/span><\/span><span style=\"color: #0000ff;\"><span style=\"color: #000000;\"> (S. 25 f.)<\/span><\/span>,\u00a0<span style=\"text-decoration: underline;\"><span style=\"color: #0000ff; text-decoration: underline;\"><a style=\"color: #0000ff; text-decoration: underline;\" href=\"https:\/\/publikationen.dguv.de\/widgets\/pdf\/download\/article\/544\" target=\"_blank\" rel=\"noopener\" data-cke-saved-href=\"https:\/\/publikationen.dguv.de\/widgets\/pdf\/download\/article\/544\">DGUV Information 250-008\u00a0Sehhilfen am Arbeitsplatz \u2013 Hilfen f\u00fcr die Verordnung von speziellen Sehhilfen<\/a><\/span><\/span>,<span style=\"text-decoration: underline;\"><span style=\"color: #0000ff; text-decoration: underline;\">\u00a0<a style=\"color: #0000ff; text-decoration: underline;\" href=\"https:\/\/www.sehen.de\/fileadmin\/user_upload\/sehen.de\/Downloads\/KGS-Rechtliche-Grundlagen-Bildschirmarbeitsplatzbrille.pdf\" target=\"_blank\" rel=\"noopener\" data-cke-saved-href=\"https:\/\/www.sehen.de\/fileadmin\/user_upload\/sehen.de\/Downloads\/KGS-Rechtliche-Grundlagen-Bildschirmarbeitsplatzbrille.pdf\">rechtliche Grundlagen<\/a><\/span><\/span><\/p><p>\u2013 <span style=\"text-decoration: underline;\"><span style=\"color: #0000ff;\"><a style=\"color: #0000ff; text-decoration: underline;\" href=\"https:\/\/www.baua.de\/DE\/Themen\/Arbeitswelt-und-Arbeitsschutz-im-Wandel\/Flexibilisierung\/Mobile-Arbeit\/Mobile-Arbeit_node.html\" target=\"_blank\" rel=\"noopener\" data-cke-saved-href=\"https:\/\/www.baua.de\/DE\/Themen\/Arbeitswelt-und-Arbeitsschutz-im-Wandel\/Flexibilisierung\/Mobile-Arbeit\/Mobile-Arbeit_node.html\">Mobile Arbeit<\/a><\/span><\/span><\/p>\t\t\t\t\t\t\t\t<\/div>\n\t\t\t\t<\/div>\n\t\t\t\t\t<\/div>\n\t\t<\/div>\n\t\t\t\t\t<\/div>\n\t\t<\/section>\n\t\t\t\t<\/div>\n\t\t","protected":false},"excerpt":{"rendered":"<p>Gestaltung von Bildschirmarbeitspl\u00e4tzen, Bildschirmbrillen, Mobile Arbeit \u2013 ASR A 6 Bildschirmarbeit \u2013 Bildschirm- und B\u00fcroarbeitspl\u00e4tze: Leitfaden f\u00fcr die Gestaltung (DGUV Information 215-410), DGUV Regel 115-401 Branche B\u00fcrobetriebe,\u00a0DGUV Information 215-520 Klima im B\u00fcro &#8211; Antworten auf die h\u00e4ufigsten Fragen. \u2013 Definition der T\u00e4tigkeiten am Bildschirmarbeitsplatz: AMR Nr. 13.4 T\u00e4tigkeiten an Bildschirmger\u00e4ten \u2013 Besser sehen und arbeiten [&hellip;]<\/p>\n","protected":false},"author":19,"featured_media":0,"parent":0,"menu_order":0,"comment_status":"closed","ping_status":"closed","template":"","meta":{"site-sidebar-layout":"no-sidebar","site-content-layout":"page-builder","ast-site-content-layout":"default","site-content-style":"default","site-sidebar-style":"default","ast-global-header-display":"","ast-banner-title-visibility":"","ast-main-header-display":"","ast-hfb-above-header-display":"","ast-hfb-below-header-display":"","ast-hfb-mobile-header-display":"","site-post-title":"disabled","ast-breadcrumbs-content":"","ast-featured-img":"disabled","footer-sml-layout":"","ast-disable-related-posts":"","theme-transparent-header-meta":"","adv-header-id-meta":"","stick-header-meta":"","header-above-stick-meta":"","header-main-stick-meta":"","header-below-stick-meta":"","astra-migrate-meta-layouts":"default","ast-page-background-enabled":"default","ast-page-background-meta":{"desktop":{"background-color":"var(--ast-global-color-4)","background-image":"","background-repeat":"repeat","background-position":"center center","background-size":"auto","background-attachment":"scroll","background-type":"","background-media":"","overlay-type":"","overlay-color":"","overlay-opacity":"","overlay-gradient":""},"tablet":{"background-color":"","background-image":"","background-repeat":"repeat","background-position":"center center","background-size":"auto","background-attachment":"scroll","background-type":"","background-media":"","overlay-type":"","overlay-color":"","overlay-opacity":"","overlay-gradient":""},"mobile":{"background-color":"","background-image":"","background-repeat":"repeat","background-position":"center center","background-size":"auto","background-attachment":"scroll","background-type":"","background-media":"","overlay-type":"","overlay-color":"","overlay-opacity":"","overlay-gradient":""}},"ast-content-background-meta":{"desktop":{"background-color":"var(--ast-global-color-5)","background-image":"","background-repeat":"repeat","background-position":"center center","background-size":"auto","background-attachment":"scroll","background-type":"","background-media":"","overlay-type":"","overlay-color":"","overlay-opacity":"","overlay-gradient":""},"tablet":{"background-color":"var(--ast-global-color-5)","background-image":"","background-repeat":"repeat","background-position":"center center","background-size":"auto","background-attachment":"scroll","background-type":"","background-media":"","overlay-type":"","overlay-color":"","overlay-opacity":"","overlay-gradient":""},"mobile":{"background-color":"var(--ast-global-color-5)","background-image":"","background-repeat":"repeat","background-position":"center center","background-size":"auto","background-attachment":"scroll","background-type":"","background-media":"","overlay-type":"","overlay-color":"","overlay-opacity":"","overlay-gradient":""}},"_themeisle_gutenberg_block_has_review":false,"footnotes":""},"categories":[],"wmf_post_category":[],"class_list":["post-9004111222816060","page","type-page","status-publish","hentry"],"yoast_head":"<!-- This site is optimized with the Yoast SEO plugin v27.1.1 - https:\/\/yoast.com\/product\/yoast-seo-wordpress\/ -->\n<title>Gestaltung von Bildschirmarbeitspl\u00e4tzen, Bildschirmbrillen, Mobile Arbeit |<\/title>\n<meta name=\"robots\" content=\"index, follow, max-snippet:-1, max-image-preview:large, max-video-preview:-1\" \/>\n<link rel=\"canonical\" href=\"https:\/\/aboutwmf.com\/de\/gestaltung-von-bildschirmarbeitsplaetzen\/\" \/>\n<meta property=\"og:locale\" content=\"de_DE\" \/>\n<meta property=\"og:type\" content=\"article\" \/>\n<meta property=\"og:title\" content=\"Gestaltung von Bildschirmarbeitspl\u00e4tzen, Bildschirmbrillen, Mobile Arbeit |\" \/>\n<meta property=\"og:description\" content=\"Gestaltung von Bildschirmarbeitspl\u00e4tzen, Bildschirmbrillen, Mobile Arbeit \u2013 ASR A 6 Bildschirmarbeit \u2013 Bildschirm- und B\u00fcroarbeitspl\u00e4tze: Leitfaden f\u00fcr die Gestaltung (DGUV Information 215-410), DGUV Regel 115-401 Branche B\u00fcrobetriebe,\u00a0DGUV Information 215-520 Klima im B\u00fcro &#8211; Antworten auf die h\u00e4ufigsten Fragen. \u2013 Definition der T\u00e4tigkeiten am Bildschirmarbeitsplatz: AMR Nr. 13.4 T\u00e4tigkeiten an Bildschirmger\u00e4ten \u2013 Besser sehen und arbeiten [&hellip;]\" \/>\n<meta property=\"og:url\" content=\"https:\/\/aboutwmf.com\/de\/gestaltung-von-bildschirmarbeitsplaetzen\/\" \/>\n<meta property=\"article:modified_time\" content=\"2026-02-13T11:49:08+00:00\" \/>\n<meta name=\"twitter:card\" content=\"summary_large_image\" \/>\n<script type=\"application\/ld+json\" class=\"yoast-schema-graph\">{\"@context\":\"https:\/\/schema.org\",\"@graph\":[{\"@type\":\"WebPage\",\"@id\":\"https:\/\/aboutwmf.com\/de\/gestaltung-von-bildschirmarbeitsplaetzen\/\",\"url\":\"https:\/\/aboutwmf.com\/de\/gestaltung-von-bildschirmarbeitsplaetzen\/\",\"name\":\"Gestaltung von Bildschirmarbeitspl\u00e4tzen, Bildschirmbrillen, Mobile Arbeit |\",\"isPartOf\":{\"@id\":\"https:\/\/aboutwmf.com\/de\/#website\"},\"datePublished\":\"2023-07-18T11:45:27+00:00\",\"dateModified\":\"2026-02-13T11:49:08+00:00\",\"breadcrumb\":{\"@id\":\"https:\/\/aboutwmf.com\/de\/gestaltung-von-bildschirmarbeitsplaetzen\/#breadcrumb\"},\"inLanguage\":\"de\",\"potentialAction\":[{\"@type\":\"ReadAction\",\"target\":[\"https:\/\/aboutwmf.com\/de\/gestaltung-von-bildschirmarbeitsplaetzen\/\"]}]},{\"@type\":\"BreadcrumbList\",\"@id\":\"https:\/\/aboutwmf.com\/de\/gestaltung-von-bildschirmarbeitsplaetzen\/#breadcrumb\",\"itemListElement\":[{\"@type\":\"ListItem\",\"position\":1,\"name\":\"Startseite\",\"item\":\"https:\/\/aboutwmf.com\/de\/\"},{\"@type\":\"ListItem\",\"position\":2,\"name\":\"Gestaltung von Bildschirmarbeitspl\u00e4tzen, Bildschirmbrillen, Mobile Arbeit\"}]},{\"@type\":\"WebSite\",\"@id\":\"https:\/\/aboutwmf.com\/de\/#website\",\"url\":\"https:\/\/aboutwmf.com\/de\/\",\"name\":\"WMF\",\"description\":\"\",\"publisher\":{\"@id\":\"https:\/\/aboutwmf.com\/de\/#organization\"},\"potentialAction\":[{\"@type\":\"SearchAction\",\"target\":{\"@type\":\"EntryPoint\",\"urlTemplate\":\"https:\/\/aboutwmf.com\/de\/?s={search_term_string}\"},\"query-input\":{\"@type\":\"PropertyValueSpecification\",\"valueRequired\":true,\"valueName\":\"search_term_string\"}}],\"inLanguage\":\"de\"},{\"@type\":\"Organization\",\"@id\":\"https:\/\/aboutwmf.com\/de\/#organization\",\"name\":\"WMF GmbH\",\"url\":\"https:\/\/aboutwmf.com\/de\/\",\"logo\":{\"@type\":\"ImageObject\",\"inLanguage\":\"de\",\"@id\":\"https:\/\/aboutwmf.com\/de\/#\/schema\/logo\/image\/\",\"url\":\"https:\/\/aboutwmf.com\/wp-content\/uploads\/2021\/07\/Logo_Black.svg\",\"contentUrl\":\"https:\/\/aboutwmf.com\/wp-content\/uploads\/2021\/07\/Logo_Black.svg\",\"width\":165,\"height\":51,\"caption\":\"WMF GmbH\"},\"image\":{\"@id\":\"https:\/\/aboutwmf.com\/de\/#\/schema\/logo\/image\/\"}}]}<\/script>\n<!-- \/ Yoast SEO plugin. -->","yoast_head_json":{"title":"Gestaltung von Bildschirmarbeitspl\u00e4tzen, Bildschirmbrillen, Mobile Arbeit |","robots":{"index":"index","follow":"follow","max-snippet":"max-snippet:-1","max-image-preview":"max-image-preview:large","max-video-preview":"max-video-preview:-1"},"canonical":"https:\/\/aboutwmf.com\/de\/gestaltung-von-bildschirmarbeitsplaetzen\/","og_locale":"de_DE","og_type":"article","og_title":"Gestaltung von Bildschirmarbeitspl\u00e4tzen, Bildschirmbrillen, Mobile Arbeit |","og_description":"Gestaltung von Bildschirmarbeitspl\u00e4tzen, Bildschirmbrillen, Mobile Arbeit \u2013 ASR A 6 Bildschirmarbeit \u2013 Bildschirm- und B\u00fcroarbeitspl\u00e4tze: Leitfaden f\u00fcr die Gestaltung (DGUV Information 215-410), DGUV Regel 115-401 Branche B\u00fcrobetriebe,\u00a0DGUV Information 215-520 Klima im B\u00fcro &#8211; Antworten auf die h\u00e4ufigsten Fragen. \u2013 Definition der T\u00e4tigkeiten am Bildschirmarbeitsplatz: AMR Nr. 13.4 T\u00e4tigkeiten an Bildschirmger\u00e4ten \u2013 Besser sehen und arbeiten [&hellip;]","og_url":"https:\/\/aboutwmf.com\/de\/gestaltung-von-bildschirmarbeitsplaetzen\/","article_modified_time":"2026-02-13T11:49:08+00:00","twitter_card":"summary_large_image","schema":{"@context":"https:\/\/schema.org","@graph":[{"@type":"WebPage","@id":"https:\/\/aboutwmf.com\/de\/gestaltung-von-bildschirmarbeitsplaetzen\/","url":"https:\/\/aboutwmf.com\/de\/gestaltung-von-bildschirmarbeitsplaetzen\/","name":"Gestaltung von Bildschirmarbeitspl\u00e4tzen, Bildschirmbrillen, Mobile Arbeit |","isPartOf":{"@id":"https:\/\/aboutwmf.com\/de\/#website"},"datePublished":"2023-07-18T11:45:27+00:00","dateModified":"2026-02-13T11:49:08+00:00","breadcrumb":{"@id":"https:\/\/aboutwmf.com\/de\/gestaltung-von-bildschirmarbeitsplaetzen\/#breadcrumb"},"inLanguage":"de","potentialAction":[{"@type":"ReadAction","target":["https:\/\/aboutwmf.com\/de\/gestaltung-von-bildschirmarbeitsplaetzen\/"]}]},{"@type":"BreadcrumbList","@id":"https:\/\/aboutwmf.com\/de\/gestaltung-von-bildschirmarbeitsplaetzen\/#breadcrumb","itemListElement":[{"@type":"ListItem","position":1,"name":"Startseite","item":"https:\/\/aboutwmf.com\/de\/"},{"@type":"ListItem","position":2,"name":"Gestaltung von Bildschirmarbeitspl\u00e4tzen, Bildschirmbrillen, Mobile Arbeit"}]},{"@type":"WebSite","@id":"https:\/\/aboutwmf.com\/de\/#website","url":"https:\/\/aboutwmf.com\/de\/","name":"WMF","description":"","publisher":{"@id":"https:\/\/aboutwmf.com\/de\/#organization"},"potentialAction":[{"@type":"SearchAction","target":{"@type":"EntryPoint","urlTemplate":"https:\/\/aboutwmf.com\/de\/?s={search_term_string}"},"query-input":{"@type":"PropertyValueSpecification","valueRequired":true,"valueName":"search_term_string"}}],"inLanguage":"de"},{"@type":"Organization","@id":"https:\/\/aboutwmf.com\/de\/#organization","name":"WMF GmbH","url":"https:\/\/aboutwmf.com\/de\/","logo":{"@type":"ImageObject","inLanguage":"de","@id":"https:\/\/aboutwmf.com\/de\/#\/schema\/logo\/image\/","url":"https:\/\/aboutwmf.com\/wp-content\/uploads\/2021\/07\/Logo_Black.svg","contentUrl":"https:\/\/aboutwmf.com\/wp-content\/uploads\/2021\/07\/Logo_Black.svg","width":165,"height":51,"caption":"WMF GmbH"},"image":{"@id":"https:\/\/aboutwmf.com\/de\/#\/schema\/logo\/image\/"}}]}},"_links":{"self":[{"href":"https:\/\/aboutwmf.com\/de\/wp-json\/wp\/v2\/pages\/9004111222816060","targetHints":{"allow":["GET"]}}],"collection":[{"href":"https:\/\/aboutwmf.com\/de\/wp-json\/wp\/v2\/pages"}],"about":[{"href":"https:\/\/aboutwmf.com\/de\/wp-json\/wp\/v2\/types\/page"}],"author":[{"embeddable":true,"href":"https:\/\/aboutwmf.com\/de\/wp-json\/wp\/v2\/users\/19"}],"replies":[{"embeddable":true,"href":"https:\/\/aboutwmf.com\/de\/wp-json\/wp\/v2\/comments?post=9004111222816060"}],"version-history":[{"count":12,"href":"https:\/\/aboutwmf.com\/de\/wp-json\/wp\/v2\/pages\/9004111222816060\/revisions"}],"predecessor-version":[{"id":9004111222825829,"href":"https:\/\/aboutwmf.com\/de\/wp-json\/wp\/v2\/pages\/9004111222816060\/revisions\/9004111222825829"}],"wp:attachment":[{"href":"https:\/\/aboutwmf.com\/de\/wp-json\/wp\/v2\/media?parent=9004111222816060"}],"wp:term":[{"taxonomy":"category","embeddable":true,"href":"https:\/\/aboutwmf.com\/de\/wp-json\/wp\/v2\/categories?post=9004111222816060"},{"taxonomy":"wmf_post_category","embeddable":true,"href":"https:\/\/aboutwmf.com\/de\/wp-json\/wp\/v2\/wmf_post_category?post=9004111222816060"}],"curies":[{"name":"wp","href":"https:\/\/api.w.org\/{rel}","templated":true}]}}